{"id":4812,"date":"2020-11-11T16:16:45","date_gmt":"2020-11-11T15:16:45","guid":{"rendered":"https:\/\/kenzenpilates.com\/?page_id=4812"},"modified":"2021-11-23T16:06:50","modified_gmt":"2021-11-23T15:06:50","slug":"politica-de-cookies","status":"publish","type":"page","link":"https:\/\/kenzenpilates.com\/ca\/politica-de-cookies\/","title":{"rendered":"Pol\u00edtica de cookies"},"content":{"rendered":"\t\t<div data-elementor-type=\"wp-page\" data-elementor-id=\"4812\" class=\"elementor elementor-4812 elementor-4811\">\n\t\t\t\t\t\t<section class=\"elementor-section elementor-top-section elementor-element elementor-element-56ee21b elementor-section-boxed elementor-section-height-default elementor-section-height-default neuron-fixed-no\" data-id=\"56ee21b\" data-element_type=\"section\">\n\t\t\t\t\t\t<div class=\"elementor-container elementor-column-gap-default\">\n\t\t\t\t\t<div class=\"elementor-column elementor-col-100 elementor-top-column elementor-element elementor-element-546ccb4e\" data-id=\"546ccb4e\" data-element_type=\"column\">\n\t\t\t<div class=\"elementor-widget-wrap elementor-element-populated\">\n\t\t\t\t\t\t<div class=\"elementor-element elementor-element-71f9571 elementor-widget elementor-widget-heading\" data-id=\"71f9571\" data-element_type=\"widget\" data-widget_type=\"heading.default\">\n\t\t\t\t<div class=\"elementor-widget-container\">\n\t\t\t<style>\/*! elementor - v3.20.0 - 20-03-2024 *\/\n.elementor-heading-title{padding:0;margin:0;line-height:1}.elementor-widget-heading .elementor-heading-title[class*=elementor-size-]>a{color:inherit;font-size:inherit;line-height:inherit}.elementor-widget-heading .elementor-heading-title.elementor-size-small{font-size:15px}.elementor-widget-heading .elementor-heading-title.elementor-size-medium{font-size:19px}.elementor-widget-heading .elementor-heading-title.elementor-size-large{font-size:29px}.elementor-widget-heading .elementor-heading-title.elementor-size-xl{font-size:39px}.elementor-widget-heading .elementor-heading-title.elementor-size-xxl{font-size:59px}<\/style><h1 class=\"elementor-heading-title elementor-size-default\">Pol\u00edtica de cookies<\/h1>\t\t<\/div>\n\t\t\t\t<\/div>\n\t\t\t\t<div class=\"elementor-element elementor-element-175e21c0 elementor-widget elementor-widget-text-editor\" data-id=\"175e21c0\" data-element_type=\"widget\" data-widget_type=\"text-editor.default\">\n\t\t\t\t<div class=\"elementor-widget-container\">\n\t\t\t<style>\/*! elementor - v3.20.0 - 20-03-2024 *\/\n.elementor-widget-text-editor.elementor-drop-cap-view-stacked .elementor-drop-cap{background-color:#69727d;color:#fff}.elementor-widget-text-editor.elementor-drop-cap-view-framed .elementor-drop-cap{color:#69727d;border:3px solid;background-color:transparent}.elementor-widget-text-editor:not(.elementor-drop-cap-view-default) .elementor-drop-cap{margin-top:8px}.elementor-widget-text-editor:not(.elementor-drop-cap-view-default) .elementor-drop-cap-letter{width:1em;height:1em}.elementor-widget-text-editor .elementor-drop-cap{float:left;text-align:center;line-height:1;font-size:50px}.elementor-widget-text-editor .elementor-drop-cap-letter{display:inline-block}<\/style>\t\t\t\t<p>En aquesta web es recopila i utilitza la informaci\u00f3 segons s\u2019indica en la pol\u00edtica de privacitat. Una de les formes en les quals es recopila informaci\u00f3 \u00e9s a trav\u00e9s de l\u2019\u00fas de la tecnologia anomenada \u201ccookies\u201d. En KENZENPILATES.COM s\u2019utilitzen cookies per a diverses coses.<\/p><p><strong><b>Recorda<\/b>:<\/strong>\u00a0Pots permetre o bloquejar les cookies, aix\u00ed com esborrar les teves dades de navegaci\u00f3 (cookies incloses) des del navegador que utilitzes. Consulta les opcions i instruccions que ofereix el teu navegador per a fer aix\u00f2. Tingues en compte que, si acceptes les cookies de tercers, haur\u00e0s d\u2019eliminar-les des de les opcions del navegador.<\/p><h2>Qu\u00e8 \u00e9s una cookie?<\/h2><p>Una \u201ccookie\u201d \u00e9s una petita quantitat de text que s\u2019emmagatzema en el teu navegador (com Chrome de Google o Safari d\u2019Apple) quan navegues per la majoria dels llocs web.<\/p><h2>Qu\u00e8 NO \u00e9s una cookie?<\/h2><p>No \u00e9s un virus, ni un troi\u00e0, ni un cuc, ni spam, ni spyware, ni obre finestres pop-up.<\/p><h2>Quina informaci\u00f3 emmagatzema una cookie?<\/h2><p>Les cookies no solen emmagatzemar informaci\u00f3 sensible sobre vost\u00e8, com targetes de cr\u00e8dit o dades banc\u00e0ries, fotografies o informaci\u00f3 personal, etc. Les dades que guarden s\u00f3n de car\u00e0cter t\u00e8cnic, estad\u00edstics, prefer\u00e8ncies personals, personalitzaci\u00f3 de continguts, etc.<\/p><p>El servidor web no l\u2019associa a vost\u00e8 com a persona sin\u00f3 al seu navegador web. De fet, si vost\u00e8 navega habitualment amb el navegador Chrome i prova de navegar per la mateixa web amb el navegador Firefox, veur\u00e0 que la web no s\u2019adona que \u00e9s la mateixa persona perqu\u00e8 en realitat est\u00e0 associant la informaci\u00f3 al navegador, no a la persona.<\/p><h2>Cookies acceptades per la normativa i cookies exceptuades<\/h2><p>Segons la directiva de la UE, les cookies que requereixen el consentiment informat per part de l\u2019usuari s\u00f3n les cookies d\u2019anal\u00edtica i les de publicitat, quedant exceptuades les de car\u00e0cter t\u00e8cnic i les necess\u00e0ries per al funcionament del lloc web o la prestaci\u00f3 de serveis expressament sol\u00b7licitats per l\u2019usuari.<\/p><h2>Quines cookies utilitza aquesta web?<\/h2><p>Aquesta web utilitza cookies pr\u00f2pies i de tercers. En aquest lloc web s\u2019utilitzen les seg\u00fcents cookies que es detallen a continuaci\u00f3<\/p><p><strong><b>Cookies pr\u00f2pies<\/b>:\u00a0<\/strong>Inici de sessi\u00f3: Les cookies per a iniciar sessi\u00f3 et permeten entrar i sortir del teu compte de KENZENPILATES.COM<\/p><p><strong><b>Seguretat<\/b>:<\/strong>\u00a0Utilitzem cookies per a evitar-te riscos de seguretat. Principalment per a detectar quan alg\u00fa est\u00e0 intentant piratejar el teu compte de KENZENPILATES.COM<\/p><h2>Aquesta web utilitza les seg\u00fcents cookies de tercers:<\/h2><p><strong><b>Cookies de prefer\u00e8ncies<\/b>:<\/strong><\/p><p>Les cookies de prefer\u00e8ncies permeten a la p\u00e0gina web recordar informaci\u00f3 que canvia la forma en qu\u00e8 la p\u00e0gina es comporta o l\u2019aspecte que t\u00e9, com l\u2019idioma preferit o la regi\u00f3 en la qual es troba l\u2019usuari.<\/p><p><strong><b>Cookies anal\u00edtiques<\/b>:<\/strong><\/p><p>Aquesta web utilitza serveis d\u2019an\u00e0lisis, concretament, Google Analytics per a ajudar la web a analitzar l\u2019\u00fas que fan els usuaris del lloc web i millorar-ne la usabilitat, per\u00f2 en cap cas s\u2019associen a dades que poguessin arribar a identificar a l\u2019usuari. Google Analytics \u00e9s un servei anal\u00edtic de web prestat per Google, Inc.<\/p><p>Les cookies anal\u00edtiques i d\u2019estad\u00edstica ens ajuden a comprendre com interactuen els visitants amb la nostra web, reunint i proporcionant informaci\u00f3 de manera an\u00f2nima.<\/p><p><u>Seguiment de conversions de Facebook Ads (p\u00edxel de Facebook) (Facebook, Inc.)<\/u><\/p><p>El Seguiment de conversions de Facebook Ads (p\u00edxel de Facebook) \u00e9s un servei d\u2019estad\u00edstiques prestat per Facebook, Inc. que connecta les dades de la xarxa de publicitat de Facebook amb les accions realitzades en aquesta Aplicaci\u00f3. El p\u00edxel de Facebook realitza un seguiment de les conversions que es poden atribuir als anuncis de Facebook, Instagram i Audience Network.<\/p><p>Dades Personals recollits: Cookie i Dades d\u2019\u00fas.<\/p><p>Lloc de tractament: els EUA \u2013 Pol\u00edtica de privacitat. Integrant de l\u2019acord Privacy Shield\u201d.<\/p><p><strong>Cookies publicit\u00e0ries i de retargenting<\/strong><\/p><p>Les cookies de m\u00e0rqueting s\u2019utilitzen per a rastrejar als visitants en les p\u00e0gines web. La intenci\u00f3 \u00e9s mostrar anuncis rellevants i atractius per a l\u2019usuari individual, i, per tant, m\u00e9s valuosos per als editors i tercers anunciants.<\/p><p>Aquest tipus de serveis permeten a aquesta Aplicaci\u00f3 i a les seves partners distribuir, optimitzar i mostrar anuncis publicitaris basats en l\u2019historial d\u2019\u00fas d\u2019aquesta Aplicaci\u00f3 per l\u2019Usuari.<\/p><p>Aquesta activitat es realitza rastrejant les Dades d\u2019\u00das i utilitzant Cookies, informaci\u00f3 que \u00e9s transferida als partners que gestionen el remarketing i l\u2019activitat de retargeting.<\/p><p>A m\u00e9s de qualsevol opci\u00f3 de \u201copt out\u201d oferta per qualsevol dels serveis que s\u2019indiquen a continuaci\u00f3, l\u2019Usuari tamb\u00e9 pot optar per l\u2019exclusi\u00f3 de l\u2019\u00fas de cookies per serveis de tercers accedint a la p\u00e0gina d\u2019exclusi\u00f3 de Network Advertising Initiative.<\/p><p><b>Entre les cookies publicit\u00e0ries utilitzades en aquesta web estan:<\/b><\/p><p><u>Facebook Remarketing (Facebook, Inc.)<\/u><\/p><p>Facebook Remarketing \u00e9s un servei de remarketing i behavioral targeting prestat per Facebook, Inc. que connecta l\u2019activitat d\u2019aquesta Aplicaci\u00f3 amb la xarxa de publicitat de Facebook.<\/p><h2>Com controlar les cookies<\/h2><p>La majoria dels navegadors permet als usuaris controlar les cookies mitjan\u00e7ant les prefer\u00e8ncies de configuraci\u00f3. \u00c9s possible que es ressenti l\u2019experi\u00e8ncia general d\u2019\u00fas, ja que no ser\u00e0 una experi\u00e8ncia personalitzada. Tamb\u00e9 pot ser que no sigui possible guardar valors de configuraci\u00f3 personalitzats com la informaci\u00f3 d\u2019inici de sessi\u00f3. Proporcionem els enlla\u00e7os necessaris per a configurar les opcions respecte a les cookies en cada navegador:<br \/><br \/><\/p><p>\u25cf\u00a0<a href=\"https:\/\/support.google.com\/chrome\/answer\/95647?hl=es\" target=\"_blank\" rel=\"noopener noreferrer\">Google Chrome<\/a><br \/>\u25cf\u00a0<a href=\"https:\/\/support.microsoft.com\/en-us\/help\/260971\/description-of-cookies\" target=\"_blank\" rel=\"noopener noreferrer\">Internet Explorer<\/a><br \/>\u25cf\u00a0<a href=\"https:\/\/support.mozilla.org\/en-US\/kb\/cookies-information-websites-store-on-your-computer\" target=\"_blank\" rel=\"noopener noreferrer\">Mozilla Firefox<\/a><br \/>\u25cf\u00a0<a href=\"https:\/\/support.apple.com\/ca-es\/guide\/safari\/sfri11471\/mac\" target=\"_blank\" rel=\"noopener noreferrer\">Safari (versi\u00f3 escriptori)<\/a><br \/>\u25cf\u00a0<a href=\"https:\/\/support.apple.com\/en-us\/HT201265\" target=\"_blank\" rel=\"noopener noreferrer\">Safari (versi\u00f3 m\u00f2bil)<\/a><br \/>\u25cf\u00a0<a href=\"https:\/\/support.google.com\/android\/?hl=en&amp;amp;answer=2425067#topic=7313011\" target=\"_blank\" rel=\"noopener noreferrer\">Navegador Android<\/a><br \/>\u25cf\u00a0<a href=\"https:\/\/www.opera.com\/es\/help\" target=\"_blank\" rel=\"noopener noreferrer\">Opera<\/a><br \/>\u25cf\u00a0<a href=\"https:\/\/help.opera.com\/es\/mobile\/android\/#privacy\" target=\"_blank\" rel=\"noopener noreferrer\">Opera (versi\u00f3 m\u00f2bil)<\/a><br \/><br \/><\/p><h2>M\u00e9s informaci\u00f3 sobre les cookies<\/h2><p>Pots consultar el reglament sobre cookies publicat per l\u2019Ag\u00e8ncia Espanyola de Protecci\u00f3 de Dades en el seu\u00a0\u201c<a href=\"https:\/\/www.aepd.es\/sites\/default\/files\/2019-12\/guia-cookies_1.pdf\" target=\"_blank\" rel=\"noopener noreferrer\">Guia sobre l\u2019\u00fas de les cookies<\/a>\u201d\u00a0i\u00a0 obtenir m\u00e9s informaci\u00f3 sobre les cookies a Internet,\u00a0<a href=\"http:\/\/www.aboutcookies.org\/\" target=\"_blank\" rel=\"noopener noreferrer\">http:\/\/www.aboutcookies.org\/<\/a><\/p><p>Si desitja tenir un major control sobre la instal\u00b7laci\u00f3 de cookies, pot instal\u00b7lar programes o complements al seu navegador, coneguts com a eines de \u201cDo Not Track\u201d, que li permetran triar les cookies que vulgui.<\/p>\t\t\t\t\t\t<\/div>\n\t\t\t\t<\/div>\n\t\t\t\t\t<\/div>\n\t\t<\/div>\n\t\t\t\t\t<\/div>\n\t\t<\/section>\n\t\t\t\t<\/div>\n\t\t","protected":false},"excerpt":{"rendered":"<p>Pol\u00edtica de cookies En aquesta web es recopila i utilitza la informaci\u00f3 segons s\u2019indica en la pol\u00edtica de&#8230;<\/p>\n","protected":false},"author":6,"featured_media":0,"parent":0,"menu_order":0,"comment_status":"closed","ping_status":"closed","template":"","meta":{"_acf_changed":false,"inline_featured_image":false,"footnotes":""},"acf":[],"yoast_head":"<!-- This site is optimized with the Yoast SEO plugin v22.5 - https:\/\/yoast.com\/wordpress\/plugins\/seo\/ -->\n<title>Pol\u00edtica de cookies - Kenzen Pilates Studio - Barcelona<\/title>\n<meta name=\"description\" content=\"Estudi especialitzat en el benestar del cos i la ment a trav\u00e9s del m\u00e8tode pilates. Es treballa centrant-se en l&#039;alumne i en les seves necessitats, oferint una atenci\u00f3 molt personalitzada.\" \/>\n<meta name=\"robots\" content=\"index, follow, max-snippet:-1, max-image-preview:large, max-video-preview:-1\" \/>\n<link rel=\"canonical\" href=\"https:\/\/kenzenpilates.com\/ca\/politica-de-cookies\/\" \/>\n<meta property=\"og:locale\" content=\"ca_ES\" \/>\n<meta property=\"og:type\" content=\"article\" \/>\n<meta property=\"og:title\" content=\"Pol\u00edtica de cookies - Kenzen Pilates Studio - Barcelona\" \/>\n<meta property=\"og:description\" content=\"Estudi especialitzat en el benestar del cos i la ment a trav\u00e9s del m\u00e8tode pilates. Es treballa centrant-se en l&#039;alumne i en les seves necessitats, oferint una atenci\u00f3 molt personalitzada.\" \/>\n<meta property=\"og:url\" content=\"https:\/\/kenzenpilates.com\/ca\/politica-de-cookies\/\" \/>\n<meta property=\"og:site_name\" content=\"Kenzen Pilates Studio - Barcelona\" \/>\n<meta property=\"article:modified_time\" content=\"2021-11-23T15:06:50+00:00\" \/>\n<meta property=\"og:image\" content=\"https:\/\/kenzenpilates.com\/wp-content\/uploads\/2021\/12\/fbimage.png\" \/>\n\t<meta property=\"og:image:width\" content=\"1200\" \/>\n\t<meta property=\"og:image:height\" content=\"628\" \/>\n\t<meta property=\"og:image:type\" content=\"image\/png\" \/>\n<meta name=\"twitter:card\" content=\"summary_large_image\" \/>\n<meta name=\"twitter:label1\" content=\"Temps estimat de lectura\" \/>\n\t<meta name=\"twitter:data1\" content=\"5 minuts\" \/>\n<script type=\"application\/ld+json\" class=\"yoast-schema-graph\">{\"@context\":\"https:\/\/schema.org\",\"@graph\":[{\"@type\":\"WebPage\",\"@id\":\"https:\/\/kenzenpilates.com\/ca\/politica-de-cookies\/\",\"url\":\"https:\/\/kenzenpilates.com\/ca\/politica-de-cookies\/\",\"name\":\"Pol\u00edtica de cookies - Kenzen Pilates Studio - Barcelona\",\"isPartOf\":{\"@id\":\"https:\/\/kenzenpilates.com\/#website\"},\"datePublished\":\"2020-11-11T15:16:45+00:00\",\"dateModified\":\"2021-11-23T15:06:50+00:00\",\"description\":\"Estudi especialitzat en el benestar del cos i la ment a trav\u00e9s del m\u00e8tode pilates. Es treballa centrant-se en l'alumne i en les seves necessitats, oferint una atenci\u00f3 molt personalitzada.\",\"breadcrumb\":{\"@id\":\"https:\/\/kenzenpilates.com\/ca\/politica-de-cookies\/#breadcrumb\"},\"inLanguage\":\"ca\",\"potentialAction\":[{\"@type\":\"ReadAction\",\"target\":[\"https:\/\/kenzenpilates.com\/ca\/politica-de-cookies\/\"]}]},{\"@type\":\"BreadcrumbList\",\"@id\":\"https:\/\/kenzenpilates.com\/ca\/politica-de-cookies\/#breadcrumb\",\"itemListElement\":[{\"@type\":\"ListItem\",\"position\":1,\"name\":\"Portada\",\"item\":\"https:\/\/kenzenpilates.com\/ca\/\"},{\"@type\":\"ListItem\",\"position\":2,\"name\":\"Pol\u00edtica de cookies\"}]},{\"@type\":\"WebSite\",\"@id\":\"https:\/\/kenzenpilates.com\/#website\",\"url\":\"https:\/\/kenzenpilates.com\/\",\"name\":\"Kenzen Pilates Studio - Barcelona\",\"description\":\"Especialistes en el benestar del cos i la ment\",\"publisher\":{\"@id\":\"https:\/\/kenzenpilates.com\/#organization\"},\"potentialAction\":[{\"@type\":\"SearchAction\",\"target\":{\"@type\":\"EntryPoint\",\"urlTemplate\":\"https:\/\/kenzenpilates.com\/?s={search_term_string}\"},\"query-input\":\"required name=search_term_string\"}],\"inLanguage\":\"ca\"},{\"@type\":\"Organization\",\"@id\":\"https:\/\/kenzenpilates.com\/#organization\",\"name\":\"Kenzen Pilates Studio\",\"url\":\"https:\/\/kenzenpilates.com\/\",\"logo\":{\"@type\":\"ImageObject\",\"inLanguage\":\"ca\",\"@id\":\"https:\/\/kenzenpilates.com\/#\/schema\/logo\/image\/\",\"url\":\"https:\/\/kenzenpilates.com\/wp-content\/uploads\/2021\/10\/logo555.png\",\"contentUrl\":\"https:\/\/kenzenpilates.com\/wp-content\/uploads\/2021\/10\/logo555.png\",\"width\":260,\"height\":60,\"caption\":\"Kenzen Pilates Studio\"},\"image\":{\"@id\":\"https:\/\/kenzenpilates.com\/#\/schema\/logo\/image\/\"}}]}<\/script>\n<!-- \/ Yoast SEO plugin. -->","yoast_head_json":{"title":"Pol\u00edtica de cookies - Kenzen Pilates Studio - Barcelona","description":"Estudi especialitzat en el benestar del cos i la ment a trav\u00e9s del m\u00e8tode pilates. Es treballa centrant-se en l'alumne i en les seves necessitats, oferint una atenci\u00f3 molt personalitzada.","robots":{"index":"index","follow":"follow","max-snippet":"max-snippet:-1","max-image-preview":"max-image-preview:large","max-video-preview":"max-video-preview:-1"},"canonical":"https:\/\/kenzenpilates.com\/ca\/politica-de-cookies\/","og_locale":"ca_ES","og_type":"article","og_title":"Pol\u00edtica de cookies - Kenzen Pilates Studio - Barcelona","og_description":"Estudi especialitzat en el benestar del cos i la ment a trav\u00e9s del m\u00e8tode pilates. Es treballa centrant-se en l'alumne i en les seves necessitats, oferint una atenci\u00f3 molt personalitzada.","og_url":"https:\/\/kenzenpilates.com\/ca\/politica-de-cookies\/","og_site_name":"Kenzen Pilates Studio - Barcelona","article_modified_time":"2021-11-23T15:06:50+00:00","og_image":[{"width":1200,"height":628,"url":"https:\/\/kenzenpilates.com\/wp-content\/uploads\/2021\/12\/fbimage.png","type":"image\/png"}],"twitter_card":"summary_large_image","twitter_misc":{"Temps estimat de lectura":"5 minuts"},"schema":{"@context":"https:\/\/schema.org","@graph":[{"@type":"WebPage","@id":"https:\/\/kenzenpilates.com\/ca\/politica-de-cookies\/","url":"https:\/\/kenzenpilates.com\/ca\/politica-de-cookies\/","name":"Pol\u00edtica de cookies - Kenzen Pilates Studio - Barcelona","isPartOf":{"@id":"https:\/\/kenzenpilates.com\/#website"},"datePublished":"2020-11-11T15:16:45+00:00","dateModified":"2021-11-23T15:06:50+00:00","description":"Estudi especialitzat en el benestar del cos i la ment a trav\u00e9s del m\u00e8tode pilates. Es treballa centrant-se en l'alumne i en les seves necessitats, oferint una atenci\u00f3 molt personalitzada.","breadcrumb":{"@id":"https:\/\/kenzenpilates.com\/ca\/politica-de-cookies\/#breadcrumb"},"inLanguage":"ca","potentialAction":[{"@type":"ReadAction","target":["https:\/\/kenzenpilates.com\/ca\/politica-de-cookies\/"]}]},{"@type":"BreadcrumbList","@id":"https:\/\/kenzenpilates.com\/ca\/politica-de-cookies\/#breadcrumb","itemListElement":[{"@type":"ListItem","position":1,"name":"Portada","item":"https:\/\/kenzenpilates.com\/ca\/"},{"@type":"ListItem","position":2,"name":"Pol\u00edtica de cookies"}]},{"@type":"WebSite","@id":"https:\/\/kenzenpilates.com\/#website","url":"https:\/\/kenzenpilates.com\/","name":"Kenzen Pilates Studio - Barcelona","description":"Especialistes en el benestar del cos i la ment","publisher":{"@id":"https:\/\/kenzenpilates.com\/#organization"},"potentialAction":[{"@type":"SearchAction","target":{"@type":"EntryPoint","urlTemplate":"https:\/\/kenzenpilates.com\/?s={search_term_string}"},"query-input":"required name=search_term_string"}],"inLanguage":"ca"},{"@type":"Organization","@id":"https:\/\/kenzenpilates.com\/#organization","name":"Kenzen Pilates Studio","url":"https:\/\/kenzenpilates.com\/","logo":{"@type":"ImageObject","inLanguage":"ca","@id":"https:\/\/kenzenpilates.com\/#\/schema\/logo\/image\/","url":"https:\/\/kenzenpilates.com\/wp-content\/uploads\/2021\/10\/logo555.png","contentUrl":"https:\/\/kenzenpilates.com\/wp-content\/uploads\/2021\/10\/logo555.png","width":260,"height":60,"caption":"Kenzen Pilates Studio"},"image":{"@id":"https:\/\/kenzenpilates.com\/#\/schema\/logo\/image\/"}}]}},"_links":{"self":[{"href":"https:\/\/kenzenpilates.com\/ca\/wp-json\/wp\/v2\/pages\/4812"}],"collection":[{"href":"https:\/\/kenzenpilates.com\/ca\/wp-json\/wp\/v2\/pages"}],"about":[{"href":"https:\/\/kenzenpilates.com\/ca\/wp-json\/wp\/v2\/types\/page"}],"author":[{"embeddable":true,"href":"https:\/\/kenzenpilates.com\/ca\/wp-json\/wp\/v2\/users\/6"}],"replies":[{"embeddable":true,"href":"https:\/\/kenzenpilates.com\/ca\/wp-json\/wp\/v2\/comments?post=4812"}],"version-history":[{"count":0,"href":"https:\/\/kenzenpilates.com\/ca\/wp-json\/wp\/v2\/pages\/4812\/revisions"}],"wp:attachment":[{"href":"https:\/\/kenzenpilates.com\/ca\/wp-json\/wp\/v2\/media?parent=4812"}],"curies":[{"name":"wp","href":"https:\/\/api.w.org\/{rel}","templated":true}]}}