{"id":4801,"date":"2020-11-07T15:52:23","date_gmt":"2020-11-07T14:52:23","guid":{"rendered":"https:\/\/kenzenpilates.com\/?page_id=4801"},"modified":"2021-11-26T21:30:52","modified_gmt":"2021-11-26T20:30:52","slug":"avis-legal","status":"publish","type":"page","link":"https:\/\/kenzenpilates.com\/ca\/avis-legal\/","title":{"rendered":"Av\u00eds legal"},"content":{"rendered":"\t\t<div data-elementor-type=\"wp-page\" data-elementor-id=\"4801\" class=\"elementor elementor-4801 elementor-4800\">\n\t\t\t\t\t\t<section class=\"elementor-section elementor-top-section elementor-element elementor-element-48c2cf2 elementor-section-boxed elementor-section-height-default elementor-section-height-default neuron-fixed-no\" data-id=\"48c2cf2\" data-element_type=\"section\">\n\t\t\t\t\t\t<div class=\"elementor-container elementor-column-gap-default\">\n\t\t\t\t\t<div class=\"elementor-column elementor-col-100 elementor-top-column elementor-element elementor-element-28eb766\" data-id=\"28eb766\" data-element_type=\"column\">\n\t\t\t<div class=\"elementor-widget-wrap elementor-element-populated\">\n\t\t\t\t\t\t<div class=\"elementor-element elementor-element-40b2184 elementor-widget elementor-widget-heading\" data-id=\"40b2184\" data-element_type=\"widget\" data-widget_type=\"heading.default\">\n\t\t\t\t<div class=\"elementor-widget-container\">\n\t\t\t<style>\/*! elementor - v3.20.0 - 20-03-2024 *\/\n.elementor-heading-title{padding:0;margin:0;line-height:1}.elementor-widget-heading .elementor-heading-title[class*=elementor-size-]>a{color:inherit;font-size:inherit;line-height:inherit}.elementor-widget-heading .elementor-heading-title.elementor-size-small{font-size:15px}.elementor-widget-heading .elementor-heading-title.elementor-size-medium{font-size:19px}.elementor-widget-heading .elementor-heading-title.elementor-size-large{font-size:29px}.elementor-widget-heading .elementor-heading-title.elementor-size-xl{font-size:39px}.elementor-widget-heading .elementor-heading-title.elementor-size-xxl{font-size:59px}<\/style><h1 class=\"elementor-heading-title elementor-size-default\">Av\u00eds legal<\/h1>\t\t<\/div>\n\t\t\t\t<\/div>\n\t\t\t\t<div class=\"elementor-element elementor-element-54ad067 elementor-widget elementor-widget-text-editor\" data-id=\"54ad067\" data-element_type=\"widget\" data-widget_type=\"text-editor.default\">\n\t\t\t\t<div class=\"elementor-widget-container\">\n\t\t\t<style>\/*! elementor - v3.20.0 - 20-03-2024 *\/\n.elementor-widget-text-editor.elementor-drop-cap-view-stacked .elementor-drop-cap{background-color:#69727d;color:#fff}.elementor-widget-text-editor.elementor-drop-cap-view-framed .elementor-drop-cap{color:#69727d;border:3px solid;background-color:transparent}.elementor-widget-text-editor:not(.elementor-drop-cap-view-default) .elementor-drop-cap{margin-top:8px}.elementor-widget-text-editor:not(.elementor-drop-cap-view-default) .elementor-drop-cap-letter{width:1em;height:1em}.elementor-widget-text-editor .elementor-drop-cap{float:left;text-align:center;line-height:1;font-size:50px}.elementor-widget-text-editor .elementor-drop-cap-letter{display:inline-block}<\/style>\t\t\t\t<strong>Est\u00e0s en un espai comprom\u00e8s i segur<\/strong>\n\n&nbsp;\n\nL\u2019objectiu d\u2019aquest apartat \u00e9s oferir-te la m\u00e0xima transpar\u00e8ncia i claredat perqu\u00e8 puguis navegar i operar amb absoluta tranquil\u00b7litat en aquesta web.\n\nAquesta web compleix rigorosament amb la Llei org\u00e0nica 3\/2018, de 5 de desembre, de Protecci\u00f3 de Dades Personals i garantia dels drets digitals (LOPDGDD). Compleix tamb\u00e9 amb el Reglament (UE) 2016\/679 del Parlament Europeu i del Consell de 27 d\u2019abril de 2016 relatiu a la protecci\u00f3 de les persones f\u00edsiques (RGPD), aix\u00ed com amb la Llei 34\/2002, d\u201911 de juliol, de Serveis de la Societat de la Informaci\u00f3 i Comer\u00e7 Electr\u00f2nic (LSSICE o LSSI)\n<h2>Qui \u00e9s el titular d&#8217;aquesta web?<\/h2>\n<strong>Responsable:<\/strong>\u00a0Karada Kenzen S.L.U\n<strong>Nom comercial:<\/strong>\u00a0Kenzen Pilates Studio\n<strong>NIF\/CIF:<\/strong>\u00a0B64645997\n<strong>Adre\u00e7a:<\/strong>\u00a0Carrer Muntaner 81 sobre \u00e0tic 1a 08011 Barcelona\n<strong>Correu electr\u00f2nic:<\/strong>\u00a0info@kenzenpilates.com\n<strong>Dades del Registre Mercantil:<\/strong>\u00a0Poblaci\u00f3: Barcelona Tom: 39885 Foli:26 Llibre: 1 Fulla: B355402 Data: 7 setembre 2007\n<strong>Activitat:<\/strong>\u00a0S\u2019imparteixen ter\u00e0pies actives i passives de gimn\u00e0stica, m\u00e8tode pilates. S\u2019ensenyen t\u00e8cniques orientals de relaxaci\u00f3, recuperaci\u00f3 f\u00edsica, fisioter\u00e0pia; rehabilitaci\u00f3 i massatges; etc\n<h2>Condicions generals d&#8217;\u00fas d&#8217;aquesta web<\/h2>\nLes presents Condicions Generals regulen l\u2019\u00fas (incloent-hi el mer acc\u00e9s) de les p\u00e0gines web integrants del lloc web de Kenzen Pilates Studio, inclosos l\u2019acc\u00e9s a la web, el bloc, els continguts i serveis que s\u2019hi ofereixen.\n\nLa utilitzaci\u00f3 d\u2019aquesta p\u00e0gina Web atribueix la condici\u00f3 d\u2019usuari a qui ho faci i implica l\u2019acceptaci\u00f3 de totes les condicions incloses en aquest Av\u00eds Legal.\n\nAlguns aspectes d\u2019aquesta p\u00e0gina Web, com l\u2019adquisici\u00f3 d\u2019algun dels programes d\u2019entrenament, podrien estar subjectes a condicions o regles particulars que poden substituir, completar o modificar aquest Av\u00eds Legal, per la qual cosa tamb\u00e9 han de ser acceptades per l\u2019usuari que els utilitzi o hi accedeixi.\n<h2>Et preocupen les teves dades personals?<\/h2>\nLa teva privacitat \u00e9s una prioritat en aquesta web, per aix\u00f2 tens a la teva disposici\u00f3 una\u00a0<strong>Pol\u00edtica de privacitat<\/strong>\u00a0per a explicar detalladament com recopilem, administrem, processem, assegurem i emmagatzemem la informaci\u00f3 privada d\u2019usuaris i subscriptors a aquesta web.\n\nLlegir \u201c<a href=\"https:\/\/kenzenpilates.com\/politica-de-privacidad\/\">Pol\u00edtica de Privacidad<\/a>\u201c\n\n<h2>Compromisos i obligacions dels usuaris<\/h2>\n\nCom a usuari, quedes informat i acceptes que l\u2019acc\u00e9s a la present web no suposa, de cap manera, l\u2019inici d\u2019una relaci\u00f3 comercial amb KENZENPILATES.COM.\n\nEn visitar aquest lloc web i accedir a la informaci\u00f3, recursos, serveis, productes i eines proporcionades, acceptes utilitzar aquests Recursos nom\u00e9s per a les finalitats previstes.\n\nAix\u00ed mateix,\u00a0<strong>com a usuari o client d\u2019aquesta web<\/strong>, et compromets a utilitzar el lloc web, els seus serveis i continguts sense contravenir la legislaci\u00f3 vigent, la bona fe i l\u2019ordre p\u00fablic.\n\nQueda prohibit l\u2019\u00fas de la web amb finalitats il\u00b7l\u00edcites o lesives, o que, d\u2019alguna forma, puguin causar perjudici o impedir el seu normal funcionament. Respecte dels continguts d\u2019aquesta web, es prohibeix:\n<ul>\n \t<li>La seva reproducci\u00f3, distribuci\u00f3 o modificaci\u00f3, total o parcial, tret que es compti amb la meva autoritzaci\u00f3 com a leg\u00edtim titular;<\/li>\n \t<li>Qualsevol vulneraci\u00f3 dels drets del prestador o del meu, com a leg\u00edtim titular;<\/li>\n \t<li>La seva utilitzaci\u00f3 per a finalitats comercials o publicit\u00e0ries.<\/li>\n<\/ul>\nEn la utilitzaci\u00f3 de la web, KENZENPILATES.COM, tot usuari es compromet a no dur a terme\u00a0<strong>cap conducta<\/strong>\u00a0que pogu\u00e9s danyar la imatge, els interessos i els drets de Kenzen Pilates Studio o de tercers o que pogu\u00e9s danyar, inutilitzar o sobrecarregar el portal, la qual cosa imped\u00eds, d\u2019alguna forma, la normal utilitzaci\u00f3 de la web.\n\nNo obstant aix\u00f2, l\u2019usuari ha de ser conscient que les mesures de seguretat dels sistemes inform\u00e0tics a Internet no s\u00f3n totalment fiables i que per tant, Kenzen Pilates Studio no pot garantir la inexist\u00e8ncia de malware o altres elements que puguin produir alteracions en els sistemes inform\u00e0tics (software i hardware) de l\u2019usuari o en els seus documents electr\u00f2nics i fitxers continguts en els mateixos, encara que poso tots els mitjans necessaris i les mesures de seguretat oportunes per a evitar la pres\u00e8ncia d\u2019aquests elements nocius.\n\n<h2>Mesures de seguretat que s&#8217;apliquen en aquesta web.<\/h2>\n\n\n\nLes dades personals comunicades per l\u2019usuari a KENZENPILATES.COM son emmagatzemats en bases de dades automatitzades o no, la titularitat de les quals correspon en exclusiva a Kenzen Pilates Studio, assumint aquesta totes les mesures d\u2019\u00edndole t\u00e8cnica, organitzativa i de seguretat que garanteixen la confidencialitat, integritat i qualitat de la informaci\u00f3 continguda en les mateixes d\u2019acord amb el que s\u2019estableix en la normativa vigent en protecci\u00f3 de dades.\n\n\n<h2>Plataforma de resoluci\u00f3 de conflictes<\/h2>\n\nPoso tamb\u00e9 a la disposici\u00f3 dels usuaris la plataforma de resoluci\u00f3 de litigis que facilita la Comissi\u00f3 Europea i que es troba disponible en el seg\u00fcent enlla\u00e7: http:\/\/ec.europa.eu\/consumers\/odr\/\n\n\n<h2>Drets de propietat intel\u00b7lectual i industrial<\/h2>\n\n\nEn virtut del que es disposa en els articles 8 i 32.1, par\u00e0graf segon, de la Llei de Propietat Intel\u00b7lectual, queden expressament prohibides la reproducci\u00f3, la distribuci\u00f3 i la comunicaci\u00f3 p\u00fablica, inclosa la seva modalitat de posada a disposici\u00f3, de la totalitat o part dels continguts d\u2019aquesta p\u00e0gina web amb finalitats comercials, en qualsevol suport i per qualsevol mitj\u00e0 t\u00e8cnic, sense l\u2019autoritzaci\u00f3 de KENZENPILATES.COM. L\u2019usuari es compromet a respectar els drets de Propietat Intel\u00b7lectual i Industrial titularitat de KARADA KENZEN S.L.U.\n\nL\u2019usuari coneix i accepta que la totalitat del lloc web, contenint sense car\u00e0cter exhaustiu el text, programari, continguts (incloent-hi l\u2019estructura, selecci\u00f3, ordenaci\u00f3 i presentaci\u00f3 d\u2019aquests), fotografies, material formatiu, audiovisual i programes d\u2019entrenament,\u00a0<strong>est\u00e0 protegida per marques, drets d\u2019autor i altres drets leg\u00edtims<\/strong>, d\u2019acord amb els tractats internacionals en els quals Espanya \u00e9s part i altres drets de propietat i lleis d\u2019Espanya.\n\n<h2>Llei aplicable i jurisdicci\u00f3<\/h2>\n\n\nEl present Av\u00eds Legal es regeix \u00edntegrament per la legislaci\u00f3 espanyola. L\u2019usuari es compromet a fer un \u00fas correcte d\u2019aquesta Web de conformitat amb la Llei, amb el present Av\u00eds Legal, aix\u00ed com amb les altres condicions, reglaments i instruccions que, en el seu cas, poguessin ser aplicable.\n\n\n<h2>Vols m\u00e9s informaci\u00f3?<\/h2>\n\n\nEn cas que qualsevol usuari tingu\u00e9s algun dubte sobre aquestes Condicions legals o qualsevol comentari sobre el portal KENZENPILATES.COM si us plau dirigeix-te a:\u00a0<strong>info@kenzenpilates.com<\/strong>\n\nL\u2019av\u00eds legal ha estat actualitzat per \u00faltima vegada al juny de 2020\n\n\t\t\t\t\t\t<\/div>\n\t\t\t\t<\/div>\n\t\t\t\t\t<\/div>\n\t\t<\/div>\n\t\t\t\t\t<\/div>\n\t\t<\/section>\n\t\t\t\t<\/div>\n\t\t","protected":false},"excerpt":{"rendered":"<p>Av\u00eds legal Est\u00e0s en un espai comprom\u00e8s i segur &nbsp; L\u2019objectiu d\u2019aquest apartat \u00e9s oferir-te la m\u00e0xima transpar\u00e8ncia&#8230;<\/p>\n","protected":false},"author":6,"featured_media":0,"parent":0,"menu_order":0,"comment_status":"closed","ping_status":"closed","template":"","meta":{"_acf_changed":false,"inline_featured_image":false,"footnotes":""},"acf":[],"yoast_head":"<!-- This site is optimized with the Yoast SEO plugin v22.5 - https:\/\/yoast.com\/wordpress\/plugins\/seo\/ -->\n<title>Av\u00eds legal - Kenzen Pilates Studio - Barcelona<\/title>\n<meta name=\"description\" content=\"Estudi especialitzat en el benestar del cos i la ment a trav\u00e9s del m\u00e8tode pilates. Es treballa centrant-se en l&#039;alumne i en les seves necessitats, oferint una atenci\u00f3 molt personalitzada.\" \/>\n<meta name=\"robots\" content=\"index, follow, max-snippet:-1, max-image-preview:large, max-video-preview:-1\" \/>\n<link rel=\"canonical\" href=\"https:\/\/kenzenpilates.com\/aviso-legal\/\" \/>\n<meta property=\"og:locale\" content=\"ca_ES\" \/>\n<meta property=\"og:type\" content=\"article\" \/>\n<meta property=\"og:title\" content=\"Av\u00eds legal - Kenzen Pilates Studio - Barcelona\" \/>\n<meta property=\"og:description\" content=\"Estudi especialitzat en el benestar del cos i la ment a trav\u00e9s del m\u00e8tode pilates. Es treballa centrant-se en l&#039;alumne i en les seves necessitats, oferint una atenci\u00f3 molt personalitzada.\" \/>\n<meta property=\"og:url\" content=\"https:\/\/kenzenpilates.com\/aviso-legal\/\" \/>\n<meta property=\"og:site_name\" content=\"Kenzen Pilates Studio - Barcelona\" \/>\n<meta property=\"article:modified_time\" content=\"2021-11-26T20:30:52+00:00\" \/>\n<meta property=\"og:image\" content=\"https:\/\/kenzenpilates.com\/wp-content\/uploads\/2021\/12\/fbimage.png\" \/>\n\t<meta property=\"og:image:width\" content=\"1200\" \/>\n\t<meta property=\"og:image:height\" content=\"628\" \/>\n\t<meta property=\"og:image:type\" content=\"image\/png\" \/>\n<meta name=\"twitter:card\" content=\"summary_large_image\" \/>\n<meta name=\"twitter:label1\" content=\"Temps estimat de lectura\" \/>\n\t<meta name=\"twitter:data1\" content=\"5 minuts\" \/>\n<script type=\"application\/ld+json\" class=\"yoast-schema-graph\">{\"@context\":\"https:\/\/schema.org\",\"@graph\":[{\"@type\":\"WebPage\",\"@id\":\"https:\/\/kenzenpilates.com\/aviso-legal\/\",\"url\":\"https:\/\/kenzenpilates.com\/aviso-legal\/\",\"name\":\"Av\u00eds legal - Kenzen Pilates Studio - Barcelona\",\"isPartOf\":{\"@id\":\"https:\/\/kenzenpilates.com\/#website\"},\"datePublished\":\"2020-11-07T14:52:23+00:00\",\"dateModified\":\"2021-11-26T20:30:52+00:00\",\"description\":\"Estudi especialitzat en el benestar del cos i la ment a trav\u00e9s del m\u00e8tode pilates. Es treballa centrant-se en l'alumne i en les seves necessitats, oferint una atenci\u00f3 molt personalitzada.\",\"breadcrumb\":{\"@id\":\"https:\/\/kenzenpilates.com\/aviso-legal\/#breadcrumb\"},\"inLanguage\":\"ca\",\"potentialAction\":[{\"@type\":\"ReadAction\",\"target\":[\"https:\/\/kenzenpilates.com\/aviso-legal\/\"]}]},{\"@type\":\"BreadcrumbList\",\"@id\":\"https:\/\/kenzenpilates.com\/aviso-legal\/#breadcrumb\",\"itemListElement\":[{\"@type\":\"ListItem\",\"position\":1,\"name\":\"Portada\",\"item\":\"https:\/\/kenzenpilates.com\/ca\/\"},{\"@type\":\"ListItem\",\"position\":2,\"name\":\"Av\u00eds legal\"}]},{\"@type\":\"WebSite\",\"@id\":\"https:\/\/kenzenpilates.com\/#website\",\"url\":\"https:\/\/kenzenpilates.com\/\",\"name\":\"Kenzen Pilates Studio - Barcelona\",\"description\":\"Especialistes en el benestar del cos i la ment\",\"publisher\":{\"@id\":\"https:\/\/kenzenpilates.com\/#organization\"},\"potentialAction\":[{\"@type\":\"SearchAction\",\"target\":{\"@type\":\"EntryPoint\",\"urlTemplate\":\"https:\/\/kenzenpilates.com\/?s={search_term_string}\"},\"query-input\":\"required name=search_term_string\"}],\"inLanguage\":\"ca\"},{\"@type\":\"Organization\",\"@id\":\"https:\/\/kenzenpilates.com\/#organization\",\"name\":\"Kenzen Pilates Studio\",\"url\":\"https:\/\/kenzenpilates.com\/\",\"logo\":{\"@type\":\"ImageObject\",\"inLanguage\":\"ca\",\"@id\":\"https:\/\/kenzenpilates.com\/#\/schema\/logo\/image\/\",\"url\":\"https:\/\/kenzenpilates.com\/wp-content\/uploads\/2021\/10\/logo555.png\",\"contentUrl\":\"https:\/\/kenzenpilates.com\/wp-content\/uploads\/2021\/10\/logo555.png\",\"width\":260,\"height\":60,\"caption\":\"Kenzen Pilates Studio\"},\"image\":{\"@id\":\"https:\/\/kenzenpilates.com\/#\/schema\/logo\/image\/\"}}]}<\/script>\n<!-- \/ Yoast SEO plugin. -->","yoast_head_json":{"title":"Av\u00eds legal - Kenzen Pilates Studio - Barcelona","description":"Estudi especialitzat en el benestar del cos i la ment a trav\u00e9s del m\u00e8tode pilates. Es treballa centrant-se en l'alumne i en les seves necessitats, oferint una atenci\u00f3 molt personalitzada.","robots":{"index":"index","follow":"follow","max-snippet":"max-snippet:-1","max-image-preview":"max-image-preview:large","max-video-preview":"max-video-preview:-1"},"canonical":"https:\/\/kenzenpilates.com\/aviso-legal\/","og_locale":"ca_ES","og_type":"article","og_title":"Av\u00eds legal - Kenzen Pilates Studio - Barcelona","og_description":"Estudi especialitzat en el benestar del cos i la ment a trav\u00e9s del m\u00e8tode pilates. Es treballa centrant-se en l'alumne i en les seves necessitats, oferint una atenci\u00f3 molt personalitzada.","og_url":"https:\/\/kenzenpilates.com\/aviso-legal\/","og_site_name":"Kenzen Pilates Studio - Barcelona","article_modified_time":"2021-11-26T20:30:52+00:00","og_image":[{"width":1200,"height":628,"url":"https:\/\/kenzenpilates.com\/wp-content\/uploads\/2021\/12\/fbimage.png","type":"image\/png"}],"twitter_card":"summary_large_image","twitter_misc":{"Temps estimat de lectura":"5 minuts"},"schema":{"@context":"https:\/\/schema.org","@graph":[{"@type":"WebPage","@id":"https:\/\/kenzenpilates.com\/aviso-legal\/","url":"https:\/\/kenzenpilates.com\/aviso-legal\/","name":"Av\u00eds legal - Kenzen Pilates Studio - Barcelona","isPartOf":{"@id":"https:\/\/kenzenpilates.com\/#website"},"datePublished":"2020-11-07T14:52:23+00:00","dateModified":"2021-11-26T20:30:52+00:00","description":"Estudi especialitzat en el benestar del cos i la ment a trav\u00e9s del m\u00e8tode pilates. Es treballa centrant-se en l'alumne i en les seves necessitats, oferint una atenci\u00f3 molt personalitzada.","breadcrumb":{"@id":"https:\/\/kenzenpilates.com\/aviso-legal\/#breadcrumb"},"inLanguage":"ca","potentialAction":[{"@type":"ReadAction","target":["https:\/\/kenzenpilates.com\/aviso-legal\/"]}]},{"@type":"BreadcrumbList","@id":"https:\/\/kenzenpilates.com\/aviso-legal\/#breadcrumb","itemListElement":[{"@type":"ListItem","position":1,"name":"Portada","item":"https:\/\/kenzenpilates.com\/ca\/"},{"@type":"ListItem","position":2,"name":"Av\u00eds legal"}]},{"@type":"WebSite","@id":"https:\/\/kenzenpilates.com\/#website","url":"https:\/\/kenzenpilates.com\/","name":"Kenzen Pilates Studio - Barcelona","description":"Especialistes en el benestar del cos i la ment","publisher":{"@id":"https:\/\/kenzenpilates.com\/#organization"},"potentialAction":[{"@type":"SearchAction","target":{"@type":"EntryPoint","urlTemplate":"https:\/\/kenzenpilates.com\/?s={search_term_string}"},"query-input":"required name=search_term_string"}],"inLanguage":"ca"},{"@type":"Organization","@id":"https:\/\/kenzenpilates.com\/#organization","name":"Kenzen Pilates Studio","url":"https:\/\/kenzenpilates.com\/","logo":{"@type":"ImageObject","inLanguage":"ca","@id":"https:\/\/kenzenpilates.com\/#\/schema\/logo\/image\/","url":"https:\/\/kenzenpilates.com\/wp-content\/uploads\/2021\/10\/logo555.png","contentUrl":"https:\/\/kenzenpilates.com\/wp-content\/uploads\/2021\/10\/logo555.png","width":260,"height":60,"caption":"Kenzen Pilates Studio"},"image":{"@id":"https:\/\/kenzenpilates.com\/#\/schema\/logo\/image\/"}}]}},"_links":{"self":[{"href":"https:\/\/kenzenpilates.com\/ca\/wp-json\/wp\/v2\/pages\/4801"}],"collection":[{"href":"https:\/\/kenzenpilates.com\/ca\/wp-json\/wp\/v2\/pages"}],"about":[{"href":"https:\/\/kenzenpilates.com\/ca\/wp-json\/wp\/v2\/types\/page"}],"author":[{"embeddable":true,"href":"https:\/\/kenzenpilates.com\/ca\/wp-json\/wp\/v2\/users\/6"}],"replies":[{"embeddable":true,"href":"https:\/\/kenzenpilates.com\/ca\/wp-json\/wp\/v2\/comments?post=4801"}],"version-history":[{"count":0,"href":"https:\/\/kenzenpilates.com\/ca\/wp-json\/wp\/v2\/pages\/4801\/revisions"}],"wp:attachment":[{"href":"https:\/\/kenzenpilates.com\/ca\/wp-json\/wp\/v2\/media?parent=4801"}],"curies":[{"name":"wp","href":"https:\/\/api.w.org\/{rel}","templated":true}]}}