{"id":31559,"date":"2021-10-28T13:58:20","date_gmt":"2021-10-28T11:58:20","guid":{"rendered":"https:\/\/kenzenpilates.com\/contacto\/"},"modified":"2021-12-01T18:34:29","modified_gmt":"2021-12-01T17:34:29","slug":"contacte","status":"publish","type":"page","link":"https:\/\/kenzenpilates.com\/ca\/contacte\/","title":{"rendered":"Contacte"},"content":{"rendered":"\t\t<div data-elementor-type=\"wp-page\" data-elementor-id=\"31559\" class=\"elementor elementor-31559 elementor-30787\">\n\t\t\t\t\t\t<section class=\"elementor-section elementor-top-section elementor-element elementor-element-fe2bb3b elementor-section-height-min-height elementor-section-boxed elementor-section-height-default elementor-section-items-middle neuron-fixed-no\" data-id=\"fe2bb3b\" data-element_type=\"section\" data-settings=\"{&quot;background_background&quot;:&quot;classic&quot;}\">\n\t\t\t\t\t\t\t<div class=\"elementor-background-overlay\"><\/div>\n\t\t\t\t\t\t\t<div class=\"elementor-container elementor-column-gap-default\">\n\t\t\t\t\t<div class=\"elementor-column elementor-col-100 elementor-top-column elementor-element elementor-element-59f13f6\" data-id=\"59f13f6\" data-element_type=\"column\">\n\t\t\t<div class=\"elementor-widget-wrap elementor-element-populated\">\n\t\t\t\t\t\t<div class=\"elementor-element elementor-element-2547b30 elementor-widget elementor-widget-spacer\" data-id=\"2547b30\" data-element_type=\"widget\" data-widget_type=\"spacer.default\">\n\t\t\t\t<div class=\"elementor-widget-container\">\n\t\t\t<style>\/*! elementor - v3.20.0 - 20-03-2024 *\/\n.elementor-column .elementor-spacer-inner{height:var(--spacer-size)}.e-con{--container-widget-width:100%}.e-con-inner>.elementor-widget-spacer,.e-con>.elementor-widget-spacer{width:var(--container-widget-width,var(--spacer-size));--align-self:var(--container-widget-align-self,initial);--flex-shrink:0}.e-con-inner>.elementor-widget-spacer>.elementor-widget-container,.e-con>.elementor-widget-spacer>.elementor-widget-container{height:100%;width:100%}.e-con-inner>.elementor-widget-spacer>.elementor-widget-container>.elementor-spacer,.e-con>.elementor-widget-spacer>.elementor-widget-container>.elementor-spacer{height:100%}.e-con-inner>.elementor-widget-spacer>.elementor-widget-container>.elementor-spacer>.elementor-spacer-inner,.e-con>.elementor-widget-spacer>.elementor-widget-container>.elementor-spacer>.elementor-spacer-inner{height:var(--container-widget-height,var(--spacer-size))}.e-con-inner>.elementor-widget-spacer.elementor-widget-empty,.e-con>.elementor-widget-spacer.elementor-widget-empty{position:relative;min-height:22px;min-width:22px}.e-con-inner>.elementor-widget-spacer.elementor-widget-empty .elementor-widget-empty-icon,.e-con>.elementor-widget-spacer.elementor-widget-empty .elementor-widget-empty-icon{position:absolute;top:0;bottom:0;left:0;right:0;margin:auto;padding:0;width:22px;height:22px}<\/style>\t\t<div class=\"elementor-spacer\">\n\t\t\t<div class=\"elementor-spacer-inner\"><\/div>\n\t\t<\/div>\n\t\t\t\t<\/div>\n\t\t\t\t<\/div>\n\t\t\t\t\t<\/div>\n\t\t<\/div>\n\t\t\t\t\t<\/div>\n\t\t<\/section>\n\t\t\t\t<section class=\"elementor-section elementor-top-section elementor-element elementor-element-6c0f0d6 elementor-section-boxed elementor-section-height-default elementor-section-height-default neuron-fixed-no\" data-id=\"6c0f0d6\" data-element_type=\"section\" data-settings=\"{&quot;background_background&quot;:&quot;classic&quot;}\">\n\t\t\t\t\t\t\t<div class=\"elementor-background-overlay\"><\/div>\n\t\t\t\t\t\t\t<div class=\"elementor-container elementor-column-gap-no\">\n\t\t\t\t\t<div class=\"elementor-column elementor-col-100 elementor-top-column elementor-element elementor-element-ccc2cc2\" data-id=\"ccc2cc2\" data-element_type=\"column\">\n\t\t\t<div class=\"elementor-widget-wrap elementor-element-populated\">\n\t\t\t\t\t\t<section class=\"elementor-section elementor-inner-section elementor-element elementor-element-618af3f elementor-section-full_width elementor-section-height-default elementor-section-height-default neuron-fixed-no\" data-id=\"618af3f\" data-element_type=\"section\">\n\t\t\t\t\t\t<div class=\"elementor-container elementor-column-gap-default\">\n\t\t\t\t\t<div class=\"elementor-column elementor-col-50 elementor-inner-column elementor-element elementor-element-161a17c\" data-id=\"161a17c\" data-element_type=\"column\" data-settings=\"{&quot;background_background&quot;:&quot;classic&quot;}\">\n\t\t\t<div class=\"elementor-widget-wrap elementor-element-populated\">\n\t\t\t\t\t\t<div class=\"elementor-element elementor-element-f44e4bb elementor-widget elementor-widget-heading\" data-id=\"f44e4bb\" data-element_type=\"widget\" data-widget_type=\"heading.default\">\n\t\t\t\t<div class=\"elementor-widget-container\">\n\t\t\t<style>\/*! elementor - v3.20.0 - 20-03-2024 *\/\n.elementor-heading-title{padding:0;margin:0;line-height:1}.elementor-widget-heading .elementor-heading-title[class*=elementor-size-]>a{color:inherit;font-size:inherit;line-height:inherit}.elementor-widget-heading .elementor-heading-title.elementor-size-small{font-size:15px}.elementor-widget-heading .elementor-heading-title.elementor-size-medium{font-size:19px}.elementor-widget-heading .elementor-heading-title.elementor-size-large{font-size:29px}.elementor-widget-heading .elementor-heading-title.elementor-size-xl{font-size:39px}.elementor-widget-heading .elementor-heading-title.elementor-size-xxl{font-size:59px}<\/style><h1 class=\"elementor-heading-title elementor-size-default\">Contacte<\/h1>\t\t<\/div>\n\t\t\t\t<\/div>\n\t\t\t\t<div class=\"elementor-element elementor-element-a2fe53d elementor-widget elementor-widget-spacer\" data-id=\"a2fe53d\" data-element_type=\"widget\" data-widget_type=\"spacer.default\">\n\t\t\t\t<div class=\"elementor-widget-container\">\n\t\t\t\t\t<div class=\"elementor-spacer\">\n\t\t\t<div class=\"elementor-spacer-inner\"><\/div>\n\t\t<\/div>\n\t\t\t\t<\/div>\n\t\t\t\t<\/div>\n\t\t\t\t<div class=\"elementor-element elementor-element-095232c elementor-widget elementor-widget-text-editor\" data-id=\"095232c\" data-element_type=\"widget\" data-widget_type=\"text-editor.default\">\n\t\t\t\t<div class=\"elementor-widget-container\">\n\t\t\t<style>\/*! elementor - v3.20.0 - 20-03-2024 *\/\n.elementor-widget-text-editor.elementor-drop-cap-view-stacked .elementor-drop-cap{background-color:#69727d;color:#fff}.elementor-widget-text-editor.elementor-drop-cap-view-framed .elementor-drop-cap{color:#69727d;border:3px solid;background-color:transparent}.elementor-widget-text-editor:not(.elementor-drop-cap-view-default) .elementor-drop-cap{margin-top:8px}.elementor-widget-text-editor:not(.elementor-drop-cap-view-default) .elementor-drop-cap-letter{width:1em;height:1em}.elementor-widget-text-editor .elementor-drop-cap{float:left;text-align:center;line-height:1;font-size:50px}.elementor-widget-text-editor .elementor-drop-cap-letter{display:inline-block}<\/style>\t\t\t\t<p>Si encara tens alguna pregunta, vols concertar una classe de prova, saber quins s\u00f3n els horaris disponibles o venir a con\u00e8ixer l&#8217;estudi, envia&#8217;m un missatge.<\/p>\t\t\t\t\t\t<\/div>\n\t\t\t\t<\/div>\n\t\t\t\t<div class=\"elementor-element elementor-element-37ccd9b elementor-widget elementor-widget-shortcode\" data-id=\"37ccd9b\" data-element_type=\"widget\" data-widget_type=\"shortcode.default\">\n\t\t\t\t<div class=\"elementor-widget-container\">\n\t\t\t\t\t<div class=\"elementor-shortcode\">\n<div class=\"wpcf7 no-js\" id=\"wpcf7-f31564-o1\" lang=\"es-ES\" dir=\"ltr\">\n<div class=\"screen-reader-response\"><p role=\"status\" aria-live=\"polite\" aria-atomic=\"true\"><\/p> <ul><\/ul><\/div>\n<form action=\"\/ca\/wp-json\/wp\/v2\/pages\/31559#wpcf7-f31564-o1\" method=\"post\" class=\"wpcf7-form init wpcf7-acceptance-as-validation\" aria-label=\"Formulario de contacto\" novalidate=\"novalidate\" data-status=\"init\">\n<div style=\"display: none;\">\n<input type=\"hidden\" name=\"_wpcf7\" value=\"31564\" \/>\n<input type=\"hidden\" name=\"_wpcf7_version\" value=\"5.9.6\" \/>\n<input type=\"hidden\" name=\"_wpcf7_locale\" value=\"es_ES\" \/>\n<input type=\"hidden\" name=\"_wpcf7_unit_tag\" value=\"wpcf7-f31564-o1\" \/>\n<input type=\"hidden\" name=\"_wpcf7_container_post\" value=\"0\" \/>\n<input type=\"hidden\" name=\"_wpcf7_posted_data_hash\" value=\"\" \/>\n<input type=\"hidden\" name=\"_wpcf7_recaptcha_response\" value=\"\" \/>\n<\/div>\n<div id=\"responsive-form\" class=\"clearfix\">\n\t<div class=\"form-row\">\n\t\t<div class=\"column-half\">\n\t\t\t<p><span class=\"wpcf7-form-control-wrap\" data-name=\"your-name\"><input size=\"40\" maxlength=\"80\" class=\"wpcf7-form-control wpcf7-text wpcf7-validates-as-required\" aria-required=\"true\" aria-invalid=\"false\" placeholder=\"Nom*\" value=\"\" type=\"text\" name=\"your-name\" \/><\/span>\n\t\t\t<\/p>\n\t\t<\/div>\n\t\t<div class=\"column-half\">\n\t\t\t<p><span class=\"wpcf7-form-control-wrap\" data-name=\"your-email\"><input size=\"40\" maxlength=\"80\" class=\"wpcf7-form-control wpcf7-email wpcf7-validates-as-required wpcf7-text wpcf7-validates-as-email\" aria-required=\"true\" aria-invalid=\"false\" placeholder=\"Email*\" value=\"\" type=\"email\" name=\"your-email\" \/><\/span>\n\t\t\t<\/p>\n\t\t<\/div>\n\t<\/div>\n\t<div class=\"form-row\">\n\t\t<div class=\"column-full\">\n\t\t\t<p><span class=\"wpcf7-form-control-wrap\" data-name=\"your-message\"><textarea cols=\"40\" rows=\"10\" maxlength=\"400\" class=\"wpcf7-form-control wpcf7-textarea\" aria-invalid=\"false\" placeholder=\"Missatge*\" name=\"your-message\"><\/textarea><\/span>\n\t\t\t<\/p>\n\t\t<\/div>\n\t<\/div>\n\t<div class=\"form-row\">\n\t\t<p><span class=\"wpcf7-form-control-wrap\" data-name=\"accept-this-1\"><span class=\"wpcf7-form-control wpcf7-acceptance\"><span class=\"wpcf7-list-item\"><label><input type=\"checkbox\" name=\"accept-this-1\" value=\"1\" aria-invalid=\"false\" \/><span class=\"wpcf7-list-item-label\">En utilitzar aquest formulari accedeixes a l'emmagatzematge i gesti\u00f3 de les teves dades per part d'aquesta web.<\/span><\/label><\/span><\/span><\/span>\n\t\t<\/p>\n\t<\/div>\n\t<div class=\"form-row\">\n\t\t<div class=\"column-full\">\n\t\t\t<p><input class=\"wpcf7-form-control wpcf7-submit has-spinner\" type=\"submit\" value=\"Enviar\" \/>\n\t\t\t<\/p>\n\t\t<\/div>\n\t<\/div>\n<\/div><div class=\"wpcf7-response-output\" aria-hidden=\"true\"><\/div>\n<\/form>\n<\/div>\n<\/div>\n\t\t\t\t<\/div>\n\t\t\t\t<\/div>\n\t\t\t\t<div class=\"elementor-element elementor-element-9a870f7 elementor-widget elementor-widget-spacer\" data-id=\"9a870f7\" data-element_type=\"widget\" data-widget_type=\"spacer.default\">\n\t\t\t\t<div class=\"elementor-widget-container\">\n\t\t\t\t\t<div class=\"elementor-spacer\">\n\t\t\t<div class=\"elementor-spacer-inner\"><\/div>\n\t\t<\/div>\n\t\t\t\t<\/div>\n\t\t\t\t<\/div>\n\t\t\t\t\t<\/div>\n\t\t<\/div>\n\t\t\t\t<div class=\"elementor-column elementor-col-50 elementor-inner-column elementor-element elementor-element-2b198c8\" data-id=\"2b198c8\" data-element_type=\"column\" data-settings=\"{&quot;background_background&quot;:&quot;classic&quot;}\">\n\t\t\t<div class=\"elementor-widget-wrap elementor-element-populated\">\n\t\t\t\t\t\t<div class=\"elementor-element elementor-element-fb4b0a9 elementor-widget elementor-widget-html\" data-id=\"fb4b0a9\" data-element_type=\"widget\" data-widget_type=\"html.default\">\n\t\t\t\t<div class=\"elementor-widget-container\">\n\t\t\t<iframe src=\"https:\/\/www.google.com\/maps\/embed?pb=!1m18!1m12!1m3!1d2993.3764382512536!2d2.1557082516042696!3d41.38763060384012!2m3!1f0!2f0!3f0!3m2!1i1024!2i768!4f13.1!3m3!1m2!1s0x12a4a28ee5ff7e95%3A0xf4d6726198d81818!2sKENZEN%20PILATES%20STUDIO!5e0!3m2!1sca!2ses!4v1636639394676!5m2!1sca!2ses\" width=\"600\" height=\"420\" style=\"border:0;\" allowfullscreen=\"\" loading=\"lazy\"><\/iframe>\t\t<\/div>\n\t\t\t\t<\/div>\n\t\t\t\t<div class=\"elementor-element elementor-element-135b6a6 elementor-widget__width-inherit elementor-widget-tablet__width-inherit elementor-widget elementor-widget-text-editor\" data-id=\"135b6a6\" data-element_type=\"widget\" id=\"mytextcenter\" data-widget_type=\"text-editor.default\">\n\t\t\t\t<div class=\"elementor-widget-container\">\n\t\t\t\t\t\t\t<div>Muntaner 81, sobre \u00e0tic 1a<\/div><div><a href=\"mailto:info@kenzenpilates.com\" target=\"_blank\" rel=\"noopener\">info@kenzenpilates.com<\/a><\/div><div>\u00a0<\/div><div>De dilluns a dijous<\/div><div>9 a 11h i 14.30 a 21h<\/div>\t\t\t\t\t\t<\/div>\n\t\t\t\t<\/div>\n\t\t\t\t\t<\/div>\n\t\t<\/div>\n\t\t\t\t\t<\/div>\n\t\t<\/section>\n\t\t\t\t<div class=\"elementor-element elementor-element-dfd4421 elementor-widget elementor-widget-spacer\" data-id=\"dfd4421\" data-element_type=\"widget\" data-widget_type=\"spacer.default\">\n\t\t\t\t<div class=\"elementor-widget-container\">\n\t\t\t\t\t<div class=\"elementor-spacer\">\n\t\t\t<div class=\"elementor-spacer-inner\"><\/div>\n\t\t<\/div>\n\t\t\t\t<\/div>\n\t\t\t\t<\/div>\n\t\t\t\t\t<\/div>\n\t\t<\/div>\n\t\t\t\t\t<\/div>\n\t\t<\/section>\n\t\t\t\t<\/div>\n\t\t","protected":false},"excerpt":{"rendered":"<p>Contacte Si encara tens alguna pregunta, vols concertar una classe de prova, saber quins s\u00f3n els horaris disponibles&#8230;<\/p>\n","protected":false},"author":6,"featured_media":0,"parent":0,"menu_order":0,"comment_status":"closed","ping_status":"closed","template":"","meta":{"_acf_changed":false,"inline_featured_image":false,"footnotes":""},"acf":[],"yoast_head":"<!-- This site is optimized with the Yoast SEO plugin v22.5 - https:\/\/yoast.com\/wordpress\/plugins\/seo\/ -->\n<title>Contacte - Kenzen Pilates Studio - Barcelona<\/title>\n<meta name=\"description\" content=\"Estudi especialitzat en el benestar del cos i la ment a trav\u00e9s del m\u00e8tode pilates. Es treballa centrant-se en l&#039;alumne i en les seves necessitats, oferint una atenci\u00f3 molt personalitzada.\" \/>\n<meta name=\"robots\" content=\"index, follow, max-snippet:-1, max-image-preview:large, max-video-preview:-1\" \/>\n<link rel=\"canonical\" href=\"https:\/\/kenzenpilates.com\/ca\/contacte\/\" \/>\n<meta property=\"og:locale\" content=\"ca_ES\" \/>\n<meta property=\"og:type\" content=\"article\" \/>\n<meta property=\"og:title\" content=\"Contacte - Kenzen Pilates Studio - Barcelona\" \/>\n<meta property=\"og:description\" content=\"Estudi especialitzat en el benestar del cos i la ment a trav\u00e9s del m\u00e8tode pilates. Es treballa centrant-se en l&#039;alumne i en les seves necessitats, oferint una atenci\u00f3 molt personalitzada.\" \/>\n<meta property=\"og:url\" content=\"https:\/\/kenzenpilates.com\/ca\/contacte\/\" \/>\n<meta property=\"og:site_name\" content=\"Kenzen Pilates Studio - Barcelona\" \/>\n<meta property=\"article:modified_time\" content=\"2021-12-01T17:34:29+00:00\" \/>\n<meta property=\"og:image\" content=\"https:\/\/kenzenpilates.com\/wp-content\/uploads\/2021\/12\/fbimage.png\" \/>\n\t<meta property=\"og:image:width\" content=\"1200\" \/>\n\t<meta property=\"og:image:height\" content=\"628\" \/>\n\t<meta property=\"og:image:type\" content=\"image\/png\" \/>\n<meta name=\"twitter:card\" content=\"summary_large_image\" \/>\n<meta name=\"twitter:title\" content=\"Contacte - Kenzen Pilates Studio - Barcelona\" \/>\n<meta name=\"twitter:description\" content=\"Estudi especialitzat en el benestar del cos i la ment a trav\u00e9s del m\u00e8tode pilates. Es treballa centrant-se en l&#039;alumne i en les seves necessitats, oferint una atenci\u00f3 molt personalitzada.\" \/>\n<meta name=\"twitter:label1\" content=\"Temps estimat de lectura\" \/>\n\t<meta name=\"twitter:data1\" content=\"1 minut\" \/>\n<script type=\"application\/ld+json\" class=\"yoast-schema-graph\">{\"@context\":\"https:\/\/schema.org\",\"@graph\":[{\"@type\":\"WebPage\",\"@id\":\"https:\/\/kenzenpilates.com\/ca\/contacte\/\",\"url\":\"https:\/\/kenzenpilates.com\/ca\/contacte\/\",\"name\":\"Contacte - Kenzen Pilates Studio - Barcelona\",\"isPartOf\":{\"@id\":\"https:\/\/kenzenpilates.com\/#website\"},\"datePublished\":\"2021-10-28T11:58:20+00:00\",\"dateModified\":\"2021-12-01T17:34:29+00:00\",\"description\":\"Estudi especialitzat en el benestar del cos i la ment a trav\u00e9s del m\u00e8tode pilates. Es treballa centrant-se en l'alumne i en les seves necessitats, oferint una atenci\u00f3 molt personalitzada.\",\"breadcrumb\":{\"@id\":\"https:\/\/kenzenpilates.com\/ca\/contacte\/#breadcrumb\"},\"inLanguage\":\"ca\",\"potentialAction\":[{\"@type\":\"ReadAction\",\"target\":[\"https:\/\/kenzenpilates.com\/ca\/contacte\/\"]}]},{\"@type\":\"BreadcrumbList\",\"@id\":\"https:\/\/kenzenpilates.com\/ca\/contacte\/#breadcrumb\",\"itemListElement\":[{\"@type\":\"ListItem\",\"position\":1,\"name\":\"Portada\",\"item\":\"https:\/\/kenzenpilates.com\/ca\/\"},{\"@type\":\"ListItem\",\"position\":2,\"name\":\"Contacte\"}]},{\"@type\":\"WebSite\",\"@id\":\"https:\/\/kenzenpilates.com\/#website\",\"url\":\"https:\/\/kenzenpilates.com\/\",\"name\":\"Kenzen Pilates Studio - Barcelona\",\"description\":\"Especialistes en el benestar del cos i la ment\",\"publisher\":{\"@id\":\"https:\/\/kenzenpilates.com\/#organization\"},\"potentialAction\":[{\"@type\":\"SearchAction\",\"target\":{\"@type\":\"EntryPoint\",\"urlTemplate\":\"https:\/\/kenzenpilates.com\/?s={search_term_string}\"},\"query-input\":\"required name=search_term_string\"}],\"inLanguage\":\"ca\"},{\"@type\":\"Organization\",\"@id\":\"https:\/\/kenzenpilates.com\/#organization\",\"name\":\"Kenzen Pilates Studio\",\"url\":\"https:\/\/kenzenpilates.com\/\",\"logo\":{\"@type\":\"ImageObject\",\"inLanguage\":\"ca\",\"@id\":\"https:\/\/kenzenpilates.com\/#\/schema\/logo\/image\/\",\"url\":\"https:\/\/kenzenpilates.com\/wp-content\/uploads\/2021\/10\/logo555.png\",\"contentUrl\":\"https:\/\/kenzenpilates.com\/wp-content\/uploads\/2021\/10\/logo555.png\",\"width\":260,\"height\":60,\"caption\":\"Kenzen Pilates Studio\"},\"image\":{\"@id\":\"https:\/\/kenzenpilates.com\/#\/schema\/logo\/image\/\"}}]}<\/script>\n<!-- \/ Yoast SEO plugin. -->","yoast_head_json":{"title":"Contacte - Kenzen Pilates Studio - Barcelona","description":"Estudi especialitzat en el benestar del cos i la ment a trav\u00e9s del m\u00e8tode pilates. Es treballa centrant-se en l'alumne i en les seves necessitats, oferint una atenci\u00f3 molt personalitzada.","robots":{"index":"index","follow":"follow","max-snippet":"max-snippet:-1","max-image-preview":"max-image-preview:large","max-video-preview":"max-video-preview:-1"},"canonical":"https:\/\/kenzenpilates.com\/ca\/contacte\/","og_locale":"ca_ES","og_type":"article","og_title":"Contacte - Kenzen Pilates Studio - Barcelona","og_description":"Estudi especialitzat en el benestar del cos i la ment a trav\u00e9s del m\u00e8tode pilates. Es treballa centrant-se en l'alumne i en les seves necessitats, oferint una atenci\u00f3 molt personalitzada.","og_url":"https:\/\/kenzenpilates.com\/ca\/contacte\/","og_site_name":"Kenzen Pilates Studio - Barcelona","article_modified_time":"2021-12-01T17:34:29+00:00","og_image":[{"width":1200,"height":628,"url":"https:\/\/kenzenpilates.com\/wp-content\/uploads\/2021\/12\/fbimage.png","type":"image\/png"}],"twitter_card":"summary_large_image","twitter_title":"Contacte - Kenzen Pilates Studio - Barcelona","twitter_description":"Estudi especialitzat en el benestar del cos i la ment a trav\u00e9s del m\u00e8tode pilates. Es treballa centrant-se en l'alumne i en les seves necessitats, oferint una atenci\u00f3 molt personalitzada.","twitter_misc":{"Temps estimat de lectura":"1 minut"},"schema":{"@context":"https:\/\/schema.org","@graph":[{"@type":"WebPage","@id":"https:\/\/kenzenpilates.com\/ca\/contacte\/","url":"https:\/\/kenzenpilates.com\/ca\/contacte\/","name":"Contacte - Kenzen Pilates Studio - Barcelona","isPartOf":{"@id":"https:\/\/kenzenpilates.com\/#website"},"datePublished":"2021-10-28T11:58:20+00:00","dateModified":"2021-12-01T17:34:29+00:00","description":"Estudi especialitzat en el benestar del cos i la ment a trav\u00e9s del m\u00e8tode pilates. Es treballa centrant-se en l'alumne i en les seves necessitats, oferint una atenci\u00f3 molt personalitzada.","breadcrumb":{"@id":"https:\/\/kenzenpilates.com\/ca\/contacte\/#breadcrumb"},"inLanguage":"ca","potentialAction":[{"@type":"ReadAction","target":["https:\/\/kenzenpilates.com\/ca\/contacte\/"]}]},{"@type":"BreadcrumbList","@id":"https:\/\/kenzenpilates.com\/ca\/contacte\/#breadcrumb","itemListElement":[{"@type":"ListItem","position":1,"name":"Portada","item":"https:\/\/kenzenpilates.com\/ca\/"},{"@type":"ListItem","position":2,"name":"Contacte"}]},{"@type":"WebSite","@id":"https:\/\/kenzenpilates.com\/#website","url":"https:\/\/kenzenpilates.com\/","name":"Kenzen Pilates Studio - Barcelona","description":"Especialistes en el benestar del cos i la ment","publisher":{"@id":"https:\/\/kenzenpilates.com\/#organization"},"potentialAction":[{"@type":"SearchAction","target":{"@type":"EntryPoint","urlTemplate":"https:\/\/kenzenpilates.com\/?s={search_term_string}"},"query-input":"required name=search_term_string"}],"inLanguage":"ca"},{"@type":"Organization","@id":"https:\/\/kenzenpilates.com\/#organization","name":"Kenzen Pilates Studio","url":"https:\/\/kenzenpilates.com\/","logo":{"@type":"ImageObject","inLanguage":"ca","@id":"https:\/\/kenzenpilates.com\/#\/schema\/logo\/image\/","url":"https:\/\/kenzenpilates.com\/wp-content\/uploads\/2021\/10\/logo555.png","contentUrl":"https:\/\/kenzenpilates.com\/wp-content\/uploads\/2021\/10\/logo555.png","width":260,"height":60,"caption":"Kenzen Pilates Studio"},"image":{"@id":"https:\/\/kenzenpilates.com\/#\/schema\/logo\/image\/"}}]}},"_links":{"self":[{"href":"https:\/\/kenzenpilates.com\/ca\/wp-json\/wp\/v2\/pages\/31559"}],"collection":[{"href":"https:\/\/kenzenpilates.com\/ca\/wp-json\/wp\/v2\/pages"}],"about":[{"href":"https:\/\/kenzenpilates.com\/ca\/wp-json\/wp\/v2\/types\/page"}],"author":[{"embeddable":true,"href":"https:\/\/kenzenpilates.com\/ca\/wp-json\/wp\/v2\/users\/6"}],"replies":[{"embeddable":true,"href":"https:\/\/kenzenpilates.com\/ca\/wp-json\/wp\/v2\/comments?post=31559"}],"version-history":[{"count":0,"href":"https:\/\/kenzenpilates.com\/ca\/wp-json\/wp\/v2\/pages\/31559\/revisions"}],"wp:attachment":[{"href":"https:\/\/kenzenpilates.com\/ca\/wp-json\/wp\/v2\/media?parent=31559"}],"curies":[{"name":"wp","href":"https:\/\/api.w.org\/{rel}","templated":true}]}}