{"id":31539,"date":"2021-11-03T19:35:41","date_gmt":"2021-11-03T18:35:41","guid":{"rendered":"https:\/\/kenzenpilates.com\/app\/"},"modified":"2021-12-01T19:01:52","modified_gmt":"2021-12-01T18:01:52","slug":"app","status":"publish","type":"page","link":"https:\/\/kenzenpilates.com\/ca\/app\/","title":{"rendered":"App"},"content":{"rendered":"\t\t<div data-elementor-type=\"wp-page\" data-elementor-id=\"31539\" class=\"elementor elementor-31539 elementor-31126\">\n\t\t\t\t\t\t<section class=\"elementor-section elementor-top-section elementor-element elementor-element-9de2efb elementor-section-height-min-height elementor-section-boxed elementor-section-height-default elementor-section-items-middle neuron-fixed-no\" data-id=\"9de2efb\" data-element_type=\"section\" data-settings=\"{&quot;background_background&quot;:&quot;classic&quot;}\">\n\t\t\t\t\t\t\t<div class=\"elementor-background-overlay\"><\/div>\n\t\t\t\t\t\t\t<div class=\"elementor-container elementor-column-gap-default\">\n\t\t\t\t\t<div class=\"elementor-column elementor-col-100 elementor-top-column elementor-element elementor-element-c327a4c\" data-id=\"c327a4c\" data-element_type=\"column\">\n\t\t\t<div class=\"elementor-widget-wrap elementor-element-populated\">\n\t\t\t\t\t\t<div class=\"elementor-element elementor-element-1d8bd08 elementor-widget elementor-widget-spacer\" data-id=\"1d8bd08\" data-element_type=\"widget\" data-widget_type=\"spacer.default\">\n\t\t\t\t<div class=\"elementor-widget-container\">\n\t\t\t<style>\/*! elementor - v3.20.0 - 20-03-2024 *\/\n.elementor-column .elementor-spacer-inner{height:var(--spacer-size)}.e-con{--container-widget-width:100%}.e-con-inner>.elementor-widget-spacer,.e-con>.elementor-widget-spacer{width:var(--container-widget-width,var(--spacer-size));--align-self:var(--container-widget-align-self,initial);--flex-shrink:0}.e-con-inner>.elementor-widget-spacer>.elementor-widget-container,.e-con>.elementor-widget-spacer>.elementor-widget-container{height:100%;width:100%}.e-con-inner>.elementor-widget-spacer>.elementor-widget-container>.elementor-spacer,.e-con>.elementor-widget-spacer>.elementor-widget-container>.elementor-spacer{height:100%}.e-con-inner>.elementor-widget-spacer>.elementor-widget-container>.elementor-spacer>.elementor-spacer-inner,.e-con>.elementor-widget-spacer>.elementor-widget-container>.elementor-spacer>.elementor-spacer-inner{height:var(--container-widget-height,var(--spacer-size))}.e-con-inner>.elementor-widget-spacer.elementor-widget-empty,.e-con>.elementor-widget-spacer.elementor-widget-empty{position:relative;min-height:22px;min-width:22px}.e-con-inner>.elementor-widget-spacer.elementor-widget-empty .elementor-widget-empty-icon,.e-con>.elementor-widget-spacer.elementor-widget-empty .elementor-widget-empty-icon{position:absolute;top:0;bottom:0;left:0;right:0;margin:auto;padding:0;width:22px;height:22px}<\/style>\t\t<div class=\"elementor-spacer\">\n\t\t\t<div class=\"elementor-spacer-inner\"><\/div>\n\t\t<\/div>\n\t\t\t\t<\/div>\n\t\t\t\t<\/div>\n\t\t\t\t\t<\/div>\n\t\t<\/div>\n\t\t\t\t\t<\/div>\n\t\t<\/section>\n\t\t\t\t<section class=\"elementor-section elementor-top-section elementor-element elementor-element-16240fdf elementor-section-boxed elementor-section-height-default elementor-section-height-default neuron-fixed-no\" data-id=\"16240fdf\" data-element_type=\"section\" data-settings=\"{&quot;background_background&quot;:&quot;classic&quot;}\">\n\t\t\t\t\t\t\t<div class=\"elementor-background-overlay\"><\/div>\n\t\t\t\t\t\t\t<div class=\"elementor-container elementor-column-gap-no\">\n\t\t\t\t\t<div class=\"elementor-column elementor-col-100 elementor-top-column elementor-element elementor-element-7d01187d\" data-id=\"7d01187d\" data-element_type=\"column\">\n\t\t\t<div class=\"elementor-widget-wrap elementor-element-populated\">\n\t\t\t\t\t\t<div class=\"elementor-element elementor-element-6b11f1e elementor-widget elementor-widget-heading\" data-id=\"6b11f1e\" data-element_type=\"widget\" data-widget_type=\"heading.default\">\n\t\t\t\t<div class=\"elementor-widget-container\">\n\t\t\t<style>\/*! elementor - v3.20.0 - 20-03-2024 *\/\n.elementor-heading-title{padding:0;margin:0;line-height:1}.elementor-widget-heading .elementor-heading-title[class*=elementor-size-]>a{color:inherit;font-size:inherit;line-height:inherit}.elementor-widget-heading .elementor-heading-title.elementor-size-small{font-size:15px}.elementor-widget-heading .elementor-heading-title.elementor-size-medium{font-size:19px}.elementor-widget-heading .elementor-heading-title.elementor-size-large{font-size:29px}.elementor-widget-heading .elementor-heading-title.elementor-size-xl{font-size:39px}.elementor-widget-heading .elementor-heading-title.elementor-size-xxl{font-size:59px}<\/style><h1 class=\"elementor-heading-title elementor-size-default\">App<\/h1>\t\t<\/div>\n\t\t\t\t<\/div>\n\t\t\t\t<div class=\"elementor-element elementor-element-ca5debb elementor-widget elementor-widget-text-editor\" data-id=\"ca5debb\" data-element_type=\"widget\" data-widget_type=\"text-editor.default\">\n\t\t\t\t<div class=\"elementor-widget-container\">\n\t\t\t<style>\/*! elementor - v3.20.0 - 20-03-2024 *\/\n.elementor-widget-text-editor.elementor-drop-cap-view-stacked .elementor-drop-cap{background-color:#69727d;color:#fff}.elementor-widget-text-editor.elementor-drop-cap-view-framed .elementor-drop-cap{color:#69727d;border:3px solid;background-color:transparent}.elementor-widget-text-editor:not(.elementor-drop-cap-view-default) .elementor-drop-cap{margin-top:8px}.elementor-widget-text-editor:not(.elementor-drop-cap-view-default) .elementor-drop-cap-letter{width:1em;height:1em}.elementor-widget-text-editor .elementor-drop-cap{float:left;text-align:center;line-height:1;font-size:50px}.elementor-widget-text-editor .elementor-drop-cap-letter{display:inline-block}<\/style>\t\t\t\t<p>Una vegada hagis fet la classe de prova i et decideixis a comen\u00e7ar, t&#8217;enviar\u00e9 un mail de benvinguda a l&#8217;app, des d\u2019on podr\u00e0s gestionar les teves classes. Podr\u00e0s fer reserves, cancel\u00b7lacions, canvis de classe i fins i tot podr\u00e0s comprar m\u00e9s classes. \u00c9s senzilla, per\u00f2 si et sorgeix algun dubte, estar\u00e9 aqu\u00ed per ajudar-te.<\/p>\t\t\t\t\t\t<\/div>\n\t\t\t\t<\/div>\n\t\t\t\t\t<\/div>\n\t\t<\/div>\n\t\t\t\t\t<\/div>\n\t\t<\/section>\n\t\t\t\t<\/div>\n\t\t","protected":false},"excerpt":{"rendered":"<p>App Una vegada hagis fet la classe de prova i et decideixis a comen\u00e7ar, t&#8217;enviar\u00e9 un mail de&#8230;<\/p>\n","protected":false},"author":6,"featured_media":0,"parent":0,"menu_order":0,"comment_status":"closed","ping_status":"closed","template":"","meta":{"_acf_changed":false,"inline_featured_image":false,"footnotes":""},"acf":[],"yoast_head":"<!-- This site is optimized with the Yoast SEO plugin v22.5 - https:\/\/yoast.com\/wordpress\/plugins\/seo\/ -->\n<title>App - Kenzen Pilates Studio - Barcelona<\/title>\n<meta name=\"description\" content=\"Estudi especialitzat en el benestar del cos i la ment a trav\u00e9s del m\u00e8tode pilates. Es treballa centrant-se en l&#039;alumne i en les seves necessitats, oferint una atenci\u00f3 molt personalitzada.\" \/>\n<meta name=\"robots\" content=\"index, follow, max-snippet:-1, max-image-preview:large, max-video-preview:-1\" \/>\n<link rel=\"canonical\" href=\"https:\/\/kenzenpilates.com\/ca\/app\/\" \/>\n<meta property=\"og:locale\" content=\"ca_ES\" \/>\n<meta property=\"og:type\" content=\"article\" \/>\n<meta property=\"og:title\" content=\"App - Kenzen Pilates Studio - Barcelona\" \/>\n<meta property=\"og:description\" content=\"Estudi especialitzat en el benestar del cos i la ment a trav\u00e9s del m\u00e8tode pilates. Es treballa centrant-se en l&#039;alumne i en les seves necessitats, oferint una atenci\u00f3 molt personalitzada.\" \/>\n<meta property=\"og:url\" content=\"https:\/\/kenzenpilates.com\/ca\/app\/\" \/>\n<meta property=\"og:site_name\" content=\"Kenzen Pilates Studio - Barcelona\" \/>\n<meta property=\"article:modified_time\" content=\"2021-12-01T18:01:52+00:00\" \/>\n<meta property=\"og:image\" content=\"https:\/\/kenzenpilates.com\/wp-content\/uploads\/2021\/12\/fbimage.png\" \/>\n\t<meta property=\"og:image:width\" content=\"1200\" \/>\n\t<meta property=\"og:image:height\" content=\"628\" \/>\n\t<meta property=\"og:image:type\" content=\"image\/png\" \/>\n<meta name=\"twitter:card\" content=\"summary_large_image\" \/>\n<meta name=\"twitter:label1\" content=\"Temps estimat de lectura\" \/>\n\t<meta name=\"twitter:data1\" content=\"1 minut\" \/>\n<script type=\"application\/ld+json\" class=\"yoast-schema-graph\">{\"@context\":\"https:\/\/schema.org\",\"@graph\":[{\"@type\":\"WebPage\",\"@id\":\"https:\/\/kenzenpilates.com\/ca\/app\/\",\"url\":\"https:\/\/kenzenpilates.com\/ca\/app\/\",\"name\":\"App - Kenzen Pilates Studio - Barcelona\",\"isPartOf\":{\"@id\":\"https:\/\/kenzenpilates.com\/#website\"},\"datePublished\":\"2021-11-03T18:35:41+00:00\",\"dateModified\":\"2021-12-01T18:01:52+00:00\",\"description\":\"Estudi especialitzat en el benestar del cos i la ment a trav\u00e9s del m\u00e8tode pilates. Es treballa centrant-se en l'alumne i en les seves necessitats, oferint una atenci\u00f3 molt personalitzada.\",\"breadcrumb\":{\"@id\":\"https:\/\/kenzenpilates.com\/ca\/app\/#breadcrumb\"},\"inLanguage\":\"ca\",\"potentialAction\":[{\"@type\":\"ReadAction\",\"target\":[\"https:\/\/kenzenpilates.com\/ca\/app\/\"]}]},{\"@type\":\"BreadcrumbList\",\"@id\":\"https:\/\/kenzenpilates.com\/ca\/app\/#breadcrumb\",\"itemListElement\":[{\"@type\":\"ListItem\",\"position\":1,\"name\":\"Portada\",\"item\":\"https:\/\/kenzenpilates.com\/ca\/\"},{\"@type\":\"ListItem\",\"position\":2,\"name\":\"App\"}]},{\"@type\":\"WebSite\",\"@id\":\"https:\/\/kenzenpilates.com\/#website\",\"url\":\"https:\/\/kenzenpilates.com\/\",\"name\":\"Kenzen Pilates Studio - Barcelona\",\"description\":\"Especialistes en el benestar del cos i la ment\",\"publisher\":{\"@id\":\"https:\/\/kenzenpilates.com\/#organization\"},\"potentialAction\":[{\"@type\":\"SearchAction\",\"target\":{\"@type\":\"EntryPoint\",\"urlTemplate\":\"https:\/\/kenzenpilates.com\/?s={search_term_string}\"},\"query-input\":\"required name=search_term_string\"}],\"inLanguage\":\"ca\"},{\"@type\":\"Organization\",\"@id\":\"https:\/\/kenzenpilates.com\/#organization\",\"name\":\"Kenzen Pilates Studio\",\"url\":\"https:\/\/kenzenpilates.com\/\",\"logo\":{\"@type\":\"ImageObject\",\"inLanguage\":\"ca\",\"@id\":\"https:\/\/kenzenpilates.com\/#\/schema\/logo\/image\/\",\"url\":\"https:\/\/kenzenpilates.com\/wp-content\/uploads\/2021\/10\/logo555.png\",\"contentUrl\":\"https:\/\/kenzenpilates.com\/wp-content\/uploads\/2021\/10\/logo555.png\",\"width\":260,\"height\":60,\"caption\":\"Kenzen Pilates Studio\"},\"image\":{\"@id\":\"https:\/\/kenzenpilates.com\/#\/schema\/logo\/image\/\"}}]}<\/script>\n<!-- \/ Yoast SEO plugin. -->","yoast_head_json":{"title":"App - Kenzen Pilates Studio - Barcelona","description":"Estudi especialitzat en el benestar del cos i la ment a trav\u00e9s del m\u00e8tode pilates. Es treballa centrant-se en l'alumne i en les seves necessitats, oferint una atenci\u00f3 molt personalitzada.","robots":{"index":"index","follow":"follow","max-snippet":"max-snippet:-1","max-image-preview":"max-image-preview:large","max-video-preview":"max-video-preview:-1"},"canonical":"https:\/\/kenzenpilates.com\/ca\/app\/","og_locale":"ca_ES","og_type":"article","og_title":"App - Kenzen Pilates Studio - Barcelona","og_description":"Estudi especialitzat en el benestar del cos i la ment a trav\u00e9s del m\u00e8tode pilates. Es treballa centrant-se en l'alumne i en les seves necessitats, oferint una atenci\u00f3 molt personalitzada.","og_url":"https:\/\/kenzenpilates.com\/ca\/app\/","og_site_name":"Kenzen Pilates Studio - Barcelona","article_modified_time":"2021-12-01T18:01:52+00:00","og_image":[{"width":1200,"height":628,"url":"https:\/\/kenzenpilates.com\/wp-content\/uploads\/2021\/12\/fbimage.png","type":"image\/png"}],"twitter_card":"summary_large_image","twitter_misc":{"Temps estimat de lectura":"1 minut"},"schema":{"@context":"https:\/\/schema.org","@graph":[{"@type":"WebPage","@id":"https:\/\/kenzenpilates.com\/ca\/app\/","url":"https:\/\/kenzenpilates.com\/ca\/app\/","name":"App - Kenzen Pilates Studio - Barcelona","isPartOf":{"@id":"https:\/\/kenzenpilates.com\/#website"},"datePublished":"2021-11-03T18:35:41+00:00","dateModified":"2021-12-01T18:01:52+00:00","description":"Estudi especialitzat en el benestar del cos i la ment a trav\u00e9s del m\u00e8tode pilates. Es treballa centrant-se en l'alumne i en les seves necessitats, oferint una atenci\u00f3 molt personalitzada.","breadcrumb":{"@id":"https:\/\/kenzenpilates.com\/ca\/app\/#breadcrumb"},"inLanguage":"ca","potentialAction":[{"@type":"ReadAction","target":["https:\/\/kenzenpilates.com\/ca\/app\/"]}]},{"@type":"BreadcrumbList","@id":"https:\/\/kenzenpilates.com\/ca\/app\/#breadcrumb","itemListElement":[{"@type":"ListItem","position":1,"name":"Portada","item":"https:\/\/kenzenpilates.com\/ca\/"},{"@type":"ListItem","position":2,"name":"App"}]},{"@type":"WebSite","@id":"https:\/\/kenzenpilates.com\/#website","url":"https:\/\/kenzenpilates.com\/","name":"Kenzen Pilates Studio - Barcelona","description":"Especialistes en el benestar del cos i la ment","publisher":{"@id":"https:\/\/kenzenpilates.com\/#organization"},"potentialAction":[{"@type":"SearchAction","target":{"@type":"EntryPoint","urlTemplate":"https:\/\/kenzenpilates.com\/?s={search_term_string}"},"query-input":"required name=search_term_string"}],"inLanguage":"ca"},{"@type":"Organization","@id":"https:\/\/kenzenpilates.com\/#organization","name":"Kenzen Pilates Studio","url":"https:\/\/kenzenpilates.com\/","logo":{"@type":"ImageObject","inLanguage":"ca","@id":"https:\/\/kenzenpilates.com\/#\/schema\/logo\/image\/","url":"https:\/\/kenzenpilates.com\/wp-content\/uploads\/2021\/10\/logo555.png","contentUrl":"https:\/\/kenzenpilates.com\/wp-content\/uploads\/2021\/10\/logo555.png","width":260,"height":60,"caption":"Kenzen Pilates Studio"},"image":{"@id":"https:\/\/kenzenpilates.com\/#\/schema\/logo\/image\/"}}]}},"_links":{"self":[{"href":"https:\/\/kenzenpilates.com\/ca\/wp-json\/wp\/v2\/pages\/31539"}],"collection":[{"href":"https:\/\/kenzenpilates.com\/ca\/wp-json\/wp\/v2\/pages"}],"about":[{"href":"https:\/\/kenzenpilates.com\/ca\/wp-json\/wp\/v2\/types\/page"}],"author":[{"embeddable":true,"href":"https:\/\/kenzenpilates.com\/ca\/wp-json\/wp\/v2\/users\/6"}],"replies":[{"embeddable":true,"href":"https:\/\/kenzenpilates.com\/ca\/wp-json\/wp\/v2\/comments?post=31539"}],"version-history":[{"count":0,"href":"https:\/\/kenzenpilates.com\/ca\/wp-json\/wp\/v2\/pages\/31539\/revisions"}],"wp:attachment":[{"href":"https:\/\/kenzenpilates.com\/ca\/wp-json\/wp\/v2\/media?parent=31539"}],"curies":[{"name":"wp","href":"https:\/\/api.w.org\/{rel}","templated":true}]}}