{"id":31508,"date":"2014-05-09T20:42:33","date_gmt":"2014-05-09T18:42:33","guid":{"rendered":"https:\/\/kenzenpilates.com\/normas\/"},"modified":"2021-11-24T19:18:18","modified_gmt":"2021-11-24T18:18:18","slug":"normes","status":"publish","type":"page","link":"https:\/\/kenzenpilates.com\/ca\/normes\/","title":{"rendered":"Normes"},"content":{"rendered":"\t\t<div data-elementor-type=\"wp-page\" data-elementor-id=\"31508\" class=\"elementor elementor-31508 elementor-40\">\n\t\t\t\t\t\t<section class=\"elementor-section elementor-top-section elementor-element elementor-element-d706972 elementor-section-height-min-height elementor-section-boxed elementor-section-height-default elementor-section-items-middle neuron-fixed-no\" data-id=\"d706972\" data-element_type=\"section\" data-settings=\"{&quot;background_background&quot;:&quot;classic&quot;}\">\n\t\t\t\t\t\t\t<div class=\"elementor-background-overlay\"><\/div>\n\t\t\t\t\t\t\t<div class=\"elementor-container elementor-column-gap-default\">\n\t\t\t\t\t<div class=\"elementor-column elementor-col-100 elementor-top-column elementor-element elementor-element-f4fa1ae\" data-id=\"f4fa1ae\" data-element_type=\"column\">\n\t\t\t<div class=\"elementor-widget-wrap elementor-element-populated\">\n\t\t\t\t\t\t<div class=\"elementor-element elementor-element-b058292 elementor-widget elementor-widget-spacer\" data-id=\"b058292\" data-element_type=\"widget\" data-widget_type=\"spacer.default\">\n\t\t\t\t<div class=\"elementor-widget-container\">\n\t\t\t<style>\/*! elementor - v3.20.0 - 20-03-2024 *\/\n.elementor-column .elementor-spacer-inner{height:var(--spacer-size)}.e-con{--container-widget-width:100%}.e-con-inner>.elementor-widget-spacer,.e-con>.elementor-widget-spacer{width:var(--container-widget-width,var(--spacer-size));--align-self:var(--container-widget-align-self,initial);--flex-shrink:0}.e-con-inner>.elementor-widget-spacer>.elementor-widget-container,.e-con>.elementor-widget-spacer>.elementor-widget-container{height:100%;width:100%}.e-con-inner>.elementor-widget-spacer>.elementor-widget-container>.elementor-spacer,.e-con>.elementor-widget-spacer>.elementor-widget-container>.elementor-spacer{height:100%}.e-con-inner>.elementor-widget-spacer>.elementor-widget-container>.elementor-spacer>.elementor-spacer-inner,.e-con>.elementor-widget-spacer>.elementor-widget-container>.elementor-spacer>.elementor-spacer-inner{height:var(--container-widget-height,var(--spacer-size))}.e-con-inner>.elementor-widget-spacer.elementor-widget-empty,.e-con>.elementor-widget-spacer.elementor-widget-empty{position:relative;min-height:22px;min-width:22px}.e-con-inner>.elementor-widget-spacer.elementor-widget-empty .elementor-widget-empty-icon,.e-con>.elementor-widget-spacer.elementor-widget-empty .elementor-widget-empty-icon{position:absolute;top:0;bottom:0;left:0;right:0;margin:auto;padding:0;width:22px;height:22px}<\/style>\t\t<div class=\"elementor-spacer\">\n\t\t\t<div class=\"elementor-spacer-inner\"><\/div>\n\t\t<\/div>\n\t\t\t\t<\/div>\n\t\t\t\t<\/div>\n\t\t\t\t\t<\/div>\n\t\t<\/div>\n\t\t\t\t\t<\/div>\n\t\t<\/section>\n\t\t\t\t<section class=\"elementor-section elementor-top-section elementor-element elementor-element-f8dea6f elementor-section-boxed elementor-section-height-default elementor-section-height-default neuron-fixed-no\" data-id=\"f8dea6f\" data-element_type=\"section\" data-settings=\"{&quot;background_background&quot;:&quot;classic&quot;}\">\n\t\t\t\t\t\t\t<div class=\"elementor-background-overlay\"><\/div>\n\t\t\t\t\t\t\t<div class=\"elementor-container elementor-column-gap-no\">\n\t\t\t\t\t<div class=\"elementor-column elementor-col-100 elementor-top-column elementor-element elementor-element-acd5ce3\" data-id=\"acd5ce3\" data-element_type=\"column\">\n\t\t\t<div class=\"elementor-widget-wrap elementor-element-populated\">\n\t\t\t\t\t\t<div class=\"elementor-element elementor-element-26502e1 elementor-widget elementor-widget-heading\" data-id=\"26502e1\" data-element_type=\"widget\" data-widget_type=\"heading.default\">\n\t\t\t\t<div class=\"elementor-widget-container\">\n\t\t\t<style>\/*! elementor - v3.20.0 - 20-03-2024 *\/\n.elementor-heading-title{padding:0;margin:0;line-height:1}.elementor-widget-heading .elementor-heading-title[class*=elementor-size-]>a{color:inherit;font-size:inherit;line-height:inherit}.elementor-widget-heading .elementor-heading-title.elementor-size-small{font-size:15px}.elementor-widget-heading .elementor-heading-title.elementor-size-medium{font-size:19px}.elementor-widget-heading .elementor-heading-title.elementor-size-large{font-size:29px}.elementor-widget-heading .elementor-heading-title.elementor-size-xl{font-size:39px}.elementor-widget-heading .elementor-heading-title.elementor-size-xxl{font-size:59px}<\/style><h1 class=\"elementor-heading-title elementor-size-default\">Normes<\/h1>\t\t<\/div>\n\t\t\t\t<\/div>\n\t\t\t\t<div class=\"elementor-element elementor-element-7268ea9 elementor-widget elementor-widget-text-editor\" data-id=\"7268ea9\" data-element_type=\"widget\" data-widget_type=\"text-editor.default\">\n\t\t\t\t<div class=\"elementor-widget-container\">\n\t\t\t<style>\/*! elementor - v3.20.0 - 20-03-2024 *\/\n.elementor-widget-text-editor.elementor-drop-cap-view-stacked .elementor-drop-cap{background-color:#69727d;color:#fff}.elementor-widget-text-editor.elementor-drop-cap-view-framed .elementor-drop-cap{color:#69727d;border:3px solid;background-color:transparent}.elementor-widget-text-editor:not(.elementor-drop-cap-view-default) .elementor-drop-cap{margin-top:8px}.elementor-widget-text-editor:not(.elementor-drop-cap-view-default) .elementor-drop-cap-letter{width:1em;height:1em}.elementor-widget-text-editor .elementor-drop-cap{float:left;text-align:center;line-height:1;font-size:50px}.elementor-widget-text-editor .elementor-drop-cap-letter{display:inline-block}<\/style>\t\t\t\t<p><strong>Pagaments<\/strong><br \/>Les quotes s&#8217;abonaran tots els mesos de l&#8217;any (de gener a desembre) per domiciliaci\u00f3 banc\u00e0ria. Per a fer canvis de tarifa o baixes definitives ser\u00e0 imprescindible avisar abans del 25 del mes en curs.<\/p><p>No hi ha despeses d&#8217;inscripci\u00f3 sempre que es compleixi una perman\u00e8ncia m\u00ednima de 3 mesos consecutius. En cas contrari s&#8217;abonar\u00e0 50\u20ac en concepte de matr\u00edcula.<\/p><p><strong><br \/>Cancel\u00b7laci\u00f3 i recuperaci\u00f3 de classes<\/strong><br \/>La cancel\u00b7laci\u00f3 d&#8217;una classe haur\u00e0 de fer-se a trav\u00e9s de l&#8217;app, amb un preav\u00eds m\u00ednim de 24 hores. El termini de recuperaci\u00f3 ser\u00e0 de 30 dies posteriors al venciment de la quota en curs.<br \/>Transcorregut aquest termini la classe es perdr\u00e0. Les classes pendents de recuperar es perden en el moment que l&#8217;alumne es d\u00f3na de baixa de l&#8217;estudi.<\/p><p>No assistir a classe sense previ av\u00eds implicar\u00e0 la p\u00e8rdua de la classe.<\/p><p>Totes les classes es podran recuperar per avan\u00e7at.<\/p><p>No es podran recuperar els dies festius oficials.<\/p><p>Es podran recuperar els dies no festius que l&#8217;estudi hagi de tancar per obres, malaltia de la professora, ponts, etc., podent-se recuperar aquestes classes en un termini m\u00e0xim de 4 mesos.<\/p><p>Tant a l&#8217;estiu com a les festes de Nadal el centre romandr\u00e0 tancat. Es far\u00e0 un av\u00eds previ de les dates escollides. Les classes no realitzades podran recuperar-se en un termini m\u00e0xim de 4 mesos.<\/p><p><strong><br \/>Per la teva seguretat<\/strong><br \/>Per aprofitar al m\u00e0xim la classe, evitar lesions i per respecte als companys, no es permetr\u00e0 entrar passats 10 minuts de l&#8217;inici de la classe.<\/p><p>Si tens alguna lesi\u00f3, comenta-m&#8217;ho, aix\u00ed podr\u00e9 tenir-ho en compte durant la classe. Si la teva lesi\u00f3 \u00e9s greu \u00e9s necessari portar una autoritzaci\u00f3 del metge permetent la realitzaci\u00f3 de la t\u00e8cnica pilates. Tota lesi\u00f3 causada per la imprud\u00e8ncia d&#8217;un alumne ser\u00e0 responsabilitat seva.<\/p><p>Si est\u00e0s embarassada&#8230; felicitats! M&#8217;encantar\u00e0 que et sentis millor amb les meves classes. Per aix\u00f2 i per motius de seguretat per a tu i el teu beb\u00e8, haur\u00e0s d&#8217;esperar que passi el primer trimestre del teu embar\u00e0s. A m\u00e9s \u00e9s necessari portar una autoritzaci\u00f3 del teu ginec\u00f2leg conforme pots realitzar les classes.<\/p><p>\u00c9s obligatori l&#8217;\u00fas de mitjons i es recomana venir a classe amb roba esportiva c\u00f2moda.<\/p><p>L&#8217;\u00fas de les taquilles queda redu\u00eft a l&#8217;horari de classe. No est\u00e0 perm\u00e8s deixar coses fora d&#8217;aquest horari, ni emportar-se les claus.<\/p><p>Dins de les instal\u00b7lacions no est\u00e0 perm\u00e8s fumar.<\/p><p>Kenzen Pilates Studio es reserva el dret d&#8217;admissi\u00f3.<\/p>\t\t\t\t\t\t<\/div>\n\t\t\t\t<\/div>\n\t\t\t\t\t<\/div>\n\t\t<\/div>\n\t\t\t\t\t<\/div>\n\t\t<\/section>\n\t\t\t\t<\/div>\n\t\t","protected":false},"excerpt":{"rendered":"<p>Normes PagamentsLes quotes s&#8217;abonaran tots els mesos de l&#8217;any (de gener a desembre) per domiciliaci\u00f3 banc\u00e0ria. Per a&#8230;<\/p>\n","protected":false},"author":4,"featured_media":0,"parent":0,"menu_order":0,"comment_status":"closed","ping_status":"closed","template":"","meta":{"_acf_changed":false,"inline_featured_image":false,"footnotes":""},"acf":[],"yoast_head":"<!-- This site is optimized with the Yoast SEO plugin v22.5 - https:\/\/yoast.com\/wordpress\/plugins\/seo\/ -->\n<title>Normes - Kenzen Pilates Studio - Barcelona<\/title>\n<meta name=\"description\" content=\"Estudi especialitzat en el benestar del cos i la ment a trav\u00e9s del m\u00e8tode pilates. Es treballa centrant-se en l&#039;alumne i en les seves necessitats, oferint una atenci\u00f3 molt personalitzada.\" \/>\n<meta name=\"robots\" content=\"index, follow, max-snippet:-1, max-image-preview:large, max-video-preview:-1\" \/>\n<link rel=\"canonical\" href=\"https:\/\/kenzenpilates.com\/ca\/normes\/\" \/>\n<meta property=\"og:locale\" content=\"ca_ES\" \/>\n<meta property=\"og:type\" content=\"article\" \/>\n<meta property=\"og:title\" content=\"Normes - Kenzen Pilates Studio - Barcelona\" \/>\n<meta property=\"og:description\" content=\"Estudi especialitzat en el benestar del cos i la ment a trav\u00e9s del m\u00e8tode pilates. Es treballa centrant-se en l&#039;alumne i en les seves necessitats, oferint una atenci\u00f3 molt personalitzada.\" \/>\n<meta property=\"og:url\" content=\"https:\/\/kenzenpilates.com\/ca\/normes\/\" \/>\n<meta property=\"og:site_name\" content=\"Kenzen Pilates Studio - Barcelona\" \/>\n<meta property=\"article:modified_time\" content=\"2021-11-24T18:18:18+00:00\" \/>\n<meta property=\"og:image\" content=\"https:\/\/kenzenpilates.com\/wp-content\/uploads\/2021\/12\/fbimage.png\" \/>\n\t<meta property=\"og:image:width\" content=\"1200\" \/>\n\t<meta property=\"og:image:height\" content=\"628\" \/>\n\t<meta property=\"og:image:type\" content=\"image\/png\" \/>\n<meta name=\"twitter:card\" content=\"summary_large_image\" \/>\n<meta name=\"twitter:label1\" content=\"Temps estimat de lectura\" \/>\n\t<meta name=\"twitter:data1\" content=\"2 minuts\" \/>\n<script type=\"application\/ld+json\" class=\"yoast-schema-graph\">{\"@context\":\"https:\/\/schema.org\",\"@graph\":[{\"@type\":\"WebPage\",\"@id\":\"https:\/\/kenzenpilates.com\/ca\/normes\/\",\"url\":\"https:\/\/kenzenpilates.com\/ca\/normes\/\",\"name\":\"Normes - Kenzen Pilates Studio - Barcelona\",\"isPartOf\":{\"@id\":\"https:\/\/kenzenpilates.com\/#website\"},\"datePublished\":\"2014-05-09T18:42:33+00:00\",\"dateModified\":\"2021-11-24T18:18:18+00:00\",\"description\":\"Estudi especialitzat en el benestar del cos i la ment a trav\u00e9s del m\u00e8tode pilates. Es treballa centrant-se en l'alumne i en les seves necessitats, oferint una atenci\u00f3 molt personalitzada.\",\"breadcrumb\":{\"@id\":\"https:\/\/kenzenpilates.com\/ca\/normes\/#breadcrumb\"},\"inLanguage\":\"ca\",\"potentialAction\":[{\"@type\":\"ReadAction\",\"target\":[\"https:\/\/kenzenpilates.com\/ca\/normes\/\"]}]},{\"@type\":\"BreadcrumbList\",\"@id\":\"https:\/\/kenzenpilates.com\/ca\/normes\/#breadcrumb\",\"itemListElement\":[{\"@type\":\"ListItem\",\"position\":1,\"name\":\"Portada\",\"item\":\"https:\/\/kenzenpilates.com\/ca\/\"},{\"@type\":\"ListItem\",\"position\":2,\"name\":\"Normes\"}]},{\"@type\":\"WebSite\",\"@id\":\"https:\/\/kenzenpilates.com\/#website\",\"url\":\"https:\/\/kenzenpilates.com\/\",\"name\":\"Kenzen Pilates Studio - Barcelona\",\"description\":\"Especialistes en el benestar del cos i la ment\",\"publisher\":{\"@id\":\"https:\/\/kenzenpilates.com\/#organization\"},\"potentialAction\":[{\"@type\":\"SearchAction\",\"target\":{\"@type\":\"EntryPoint\",\"urlTemplate\":\"https:\/\/kenzenpilates.com\/?s={search_term_string}\"},\"query-input\":\"required name=search_term_string\"}],\"inLanguage\":\"ca\"},{\"@type\":\"Organization\",\"@id\":\"https:\/\/kenzenpilates.com\/#organization\",\"name\":\"Kenzen Pilates Studio\",\"url\":\"https:\/\/kenzenpilates.com\/\",\"logo\":{\"@type\":\"ImageObject\",\"inLanguage\":\"ca\",\"@id\":\"https:\/\/kenzenpilates.com\/#\/schema\/logo\/image\/\",\"url\":\"https:\/\/kenzenpilates.com\/wp-content\/uploads\/2021\/10\/logo555.png\",\"contentUrl\":\"https:\/\/kenzenpilates.com\/wp-content\/uploads\/2021\/10\/logo555.png\",\"width\":260,\"height\":60,\"caption\":\"Kenzen Pilates Studio\"},\"image\":{\"@id\":\"https:\/\/kenzenpilates.com\/#\/schema\/logo\/image\/\"}}]}<\/script>\n<!-- \/ Yoast SEO plugin. -->","yoast_head_json":{"title":"Normes - Kenzen Pilates Studio - Barcelona","description":"Estudi especialitzat en el benestar del cos i la ment a trav\u00e9s del m\u00e8tode pilates. Es treballa centrant-se en l'alumne i en les seves necessitats, oferint una atenci\u00f3 molt personalitzada.","robots":{"index":"index","follow":"follow","max-snippet":"max-snippet:-1","max-image-preview":"max-image-preview:large","max-video-preview":"max-video-preview:-1"},"canonical":"https:\/\/kenzenpilates.com\/ca\/normes\/","og_locale":"ca_ES","og_type":"article","og_title":"Normes - Kenzen Pilates Studio - Barcelona","og_description":"Estudi especialitzat en el benestar del cos i la ment a trav\u00e9s del m\u00e8tode pilates. Es treballa centrant-se en l'alumne i en les seves necessitats, oferint una atenci\u00f3 molt personalitzada.","og_url":"https:\/\/kenzenpilates.com\/ca\/normes\/","og_site_name":"Kenzen Pilates Studio - Barcelona","article_modified_time":"2021-11-24T18:18:18+00:00","og_image":[{"width":1200,"height":628,"url":"https:\/\/kenzenpilates.com\/wp-content\/uploads\/2021\/12\/fbimage.png","type":"image\/png"}],"twitter_card":"summary_large_image","twitter_misc":{"Temps estimat de lectura":"2 minuts"},"schema":{"@context":"https:\/\/schema.org","@graph":[{"@type":"WebPage","@id":"https:\/\/kenzenpilates.com\/ca\/normes\/","url":"https:\/\/kenzenpilates.com\/ca\/normes\/","name":"Normes - Kenzen Pilates Studio - Barcelona","isPartOf":{"@id":"https:\/\/kenzenpilates.com\/#website"},"datePublished":"2014-05-09T18:42:33+00:00","dateModified":"2021-11-24T18:18:18+00:00","description":"Estudi especialitzat en el benestar del cos i la ment a trav\u00e9s del m\u00e8tode pilates. Es treballa centrant-se en l'alumne i en les seves necessitats, oferint una atenci\u00f3 molt personalitzada.","breadcrumb":{"@id":"https:\/\/kenzenpilates.com\/ca\/normes\/#breadcrumb"},"inLanguage":"ca","potentialAction":[{"@type":"ReadAction","target":["https:\/\/kenzenpilates.com\/ca\/normes\/"]}]},{"@type":"BreadcrumbList","@id":"https:\/\/kenzenpilates.com\/ca\/normes\/#breadcrumb","itemListElement":[{"@type":"ListItem","position":1,"name":"Portada","item":"https:\/\/kenzenpilates.com\/ca\/"},{"@type":"ListItem","position":2,"name":"Normes"}]},{"@type":"WebSite","@id":"https:\/\/kenzenpilates.com\/#website","url":"https:\/\/kenzenpilates.com\/","name":"Kenzen Pilates Studio - Barcelona","description":"Especialistes en el benestar del cos i la ment","publisher":{"@id":"https:\/\/kenzenpilates.com\/#organization"},"potentialAction":[{"@type":"SearchAction","target":{"@type":"EntryPoint","urlTemplate":"https:\/\/kenzenpilates.com\/?s={search_term_string}"},"query-input":"required name=search_term_string"}],"inLanguage":"ca"},{"@type":"Organization","@id":"https:\/\/kenzenpilates.com\/#organization","name":"Kenzen Pilates Studio","url":"https:\/\/kenzenpilates.com\/","logo":{"@type":"ImageObject","inLanguage":"ca","@id":"https:\/\/kenzenpilates.com\/#\/schema\/logo\/image\/","url":"https:\/\/kenzenpilates.com\/wp-content\/uploads\/2021\/10\/logo555.png","contentUrl":"https:\/\/kenzenpilates.com\/wp-content\/uploads\/2021\/10\/logo555.png","width":260,"height":60,"caption":"Kenzen Pilates Studio"},"image":{"@id":"https:\/\/kenzenpilates.com\/#\/schema\/logo\/image\/"}}]}},"_links":{"self":[{"href":"https:\/\/kenzenpilates.com\/ca\/wp-json\/wp\/v2\/pages\/31508"}],"collection":[{"href":"https:\/\/kenzenpilates.com\/ca\/wp-json\/wp\/v2\/pages"}],"about":[{"href":"https:\/\/kenzenpilates.com\/ca\/wp-json\/wp\/v2\/types\/page"}],"author":[{"embeddable":true,"href":"https:\/\/kenzenpilates.com\/ca\/wp-json\/wp\/v2\/users\/4"}],"replies":[{"embeddable":true,"href":"https:\/\/kenzenpilates.com\/ca\/wp-json\/wp\/v2\/comments?post=31508"}],"version-history":[{"count":0,"href":"https:\/\/kenzenpilates.com\/ca\/wp-json\/wp\/v2\/pages\/31508\/revisions"}],"wp:attachment":[{"href":"https:\/\/kenzenpilates.com\/ca\/wp-json\/wp\/v2\/media?parent=31508"}],"curies":[{"name":"wp","href":"https:\/\/api.w.org\/{rel}","templated":true}]}}